{"id":14332,"date":"2017-11-07T22:24:51","date_gmt":"2017-11-07T20:24:51","guid":{"rendered":"http:\/\/oss-busevec.hr\/?page_id=14332"},"modified":"2017-11-10T14:14:13","modified_gmt":"2017-11-10T12:14:13","slug":"rjesenje-ministarstva-kulture-rh-kulturno-dobro-etno-zadruga-busevec","status":"publish","type":"page","link":"https:\/\/oss-busevec.hr\/en\/rjesenje-ministarstva-kulture-rh-kulturno-dobro-etno-zadruga-busevec\/","title":{"rendered":"(Hrvatski) RJE\u0160ENJE MINISTARSTVA KULTURE RH &#8211; KULTURNO DOBRO &#8220;TRADICIJSKA OKU\u0106NICA U BU\u0160EVCU&#8221;"},"content":{"rendered":"<p class=\"qtranxs-available-languages-message qtranxs-available-languages-message-en\">Sorry, this entry is only available in <a href=\"https:\/\/oss-busevec.hr\/hr\/wp-json\/wp\/v2\/pages\/14332\" class=\"qtranxs-available-language-link qtranxs-available-language-link-hr\" title=\"Hrvatski\">Hrvatski<\/a>.<\/p>","protected":false},"excerpt":{"rendered":"<p>Sorry, this entry is only available in Hrvatski.<\/p>\n","protected":false},"author":3,"featured_media":0,"parent":0,"menu_order":0,"comment_status":"closed","ping_status":"closed","template":"","meta":{"_acf_changed":false,"_monsterinsights_skip_tracking":false,"_monsterinsights_sitenote_active":false,"_monsterinsights_sitenote_note":"","_monsterinsights_sitenote_category":0,"footnotes":""},"class_list":["post-14332","page","type-page","status-publish","hentry"],"acf":[],"_links":{"self":[{"href":"https:\/\/oss-busevec.hr\/en\/wp-json\/wp\/v2\/pages\/14332","targetHints":{"allow":["GET"]}}],"collection":[{"href":"https:\/\/oss-busevec.hr\/en\/wp-json\/wp\/v2\/pages"}],"about":[{"href":"https:\/\/oss-busevec.hr\/en\/wp-json\/wp\/v2\/types\/page"}],"author":[{"embeddable":true,"href":"https:\/\/oss-busevec.hr\/en\/wp-json\/wp\/v2\/users\/3"}],"replies":[{"embeddable":true,"href":"https:\/\/oss-busevec.hr\/en\/wp-json\/wp\/v2\/comments?post=14332"}],"version-history":[{"count":3,"href":"https:\/\/oss-busevec.hr\/en\/wp-json\/wp\/v2\/pages\/14332\/revisions"}],"predecessor-version":[{"id":14359,"href":"https:\/\/oss-busevec.hr\/en\/wp-json\/wp\/v2\/pages\/14332\/revisions\/14359"}],"wp:attachment":[{"href":"https:\/\/oss-busevec.hr\/en\/wp-json\/wp\/v2\/media?parent=14332"}],"curies":[{"name":"wp","href":"https:\/\/api.w.org\/{rel}","templated":true}]}}