{"id":159,"date":"2015-03-08T19:19:34","date_gmt":"2015-03-08T19:19:34","guid":{"rendered":"http:\/\/busevec.demode.ca\/?page_id=159"},"modified":"2022-05-15T21:43:46","modified_gmt":"2022-05-15T19:43:46","slug":"upravni-odbor","status":"publish","type":"page","link":"https:\/\/oss-busevec.hr\/en\/upravni-odbor\/","title":{"rendered":"UPRAVNI ODBOR 2"},"content":{"rendered":"<p><\/p>\n<p style=\"text-align: justify;\"><strong><a href=\"\/wp-content\/uploads\/2015\/03\/Blank_Person.png\"><img loading=\"lazy\" decoding=\"async\" class=\"alignleft size-full wp-image-260\" src=\"\/wp-content\/uploads\/2015\/03\/Blank_Person.png\" alt=\"Blank_Person\" width=\"171\" height=\"171\" srcset=\"https:\/\/oss-busevec.hr\/wp-content\/uploads\/2015\/03\/Blank_Person.png 171w, https:\/\/oss-busevec.hr\/wp-content\/uploads\/2015\/03\/Blank_Person-100x100.png 100w, https:\/\/oss-busevec.hr\/wp-content\/uploads\/2015\/03\/Blank_Person-150x150.png 150w\" sizes=\"auto, (max-width: 171px) 100vw, 171px\" \/><\/a>NENAD RO\u017dI\u0106<\/strong><\/p>\n<p style=\"text-align: justify;\"><strong>Telefon:<\/strong> +385 (1) 6255 864<br \/>\n<strong>Mobitel:<\/strong> +385 (98) 829 907<br \/>\n<strong>Adresa:<\/strong> Zagreba\u010dka 19,&nbsp;10417 Bu\u0161evec<\/p>\n<p style=\"text-align: justify;\"><strong>E-mail:<\/strong> nenad.rozic@oss-busevec.hr<\/p>\n<p><code><br \/>\n<\/code><br \/>\n<code><br \/>\n<\/code><\/p>\n<p style=\"text-align: left;\"><strong><a href=\"\/wp-content\/uploads\/2015\/03\/Blank_Person.png\"><img loading=\"lazy\" decoding=\"async\" class=\"alignleft size-full wp-image-260\" src=\"\/wp-content\/uploads\/2015\/03\/Blank_Person.png\" alt=\"Blank_Person\" width=\"171\" height=\"171\" srcset=\"https:\/\/oss-busevec.hr\/wp-content\/uploads\/2015\/03\/Blank_Person.png 171w, https:\/\/oss-busevec.hr\/wp-content\/uploads\/2015\/03\/Blank_Person-100x100.png 100w, https:\/\/oss-busevec.hr\/wp-content\/uploads\/2015\/03\/Blank_Person-150x150.png 150w\" sizes=\"auto, (max-width: 171px) 100vw, 171px\" \/><\/a>DUBRAVKO KATULI\u0106<\/strong><\/p>\n<p style=\"text-align: left;\"><strong>Telefon:<\/strong> +385 (1)&nbsp;6263 331<br \/>\n<strong>Mobitel:<\/strong> +385 (98)&nbsp;525 604<br \/>\n<strong>Adresa:<\/strong>&nbsp;Seljine brigade 54E, 10413 Kravarsko<\/p>\n<p style=\"text-align: left;\"><strong>E-mail:<\/strong>&nbsp;dubravko.katulic@oss-busevec.hr<\/p>\n<p><code><br \/>\n<\/code><br \/>\n<code><br \/>\n<\/code><\/p>\n<p style=\"text-align: left;\"><strong><a href=\"\/wp-content\/uploads\/2015\/03\/Blank_Person.png\"><img loading=\"lazy\" decoding=\"async\" class=\"alignleft size-full wp-image-260\" src=\"\/wp-content\/uploads\/2015\/03\/Blank_Person.png\" alt=\"Blank_Person\" width=\"171\" height=\"171\" srcset=\"https:\/\/oss-busevec.hr\/wp-content\/uploads\/2015\/03\/Blank_Person.png 171w, https:\/\/oss-busevec.hr\/wp-content\/uploads\/2015\/03\/Blank_Person-100x100.png 100w, https:\/\/oss-busevec.hr\/wp-content\/uploads\/2015\/03\/Blank_Person-150x150.png 150w\" sizes=\"auto, (max-width: 171px) 100vw, 171px\" \/><\/a><\/strong><\/p>\n<p style=\"text-align: left;\"><strong>MARIJAN DETELI\u0106<br \/>\n<\/strong><\/p>\n<p style=\"text-align: left;\"><strong>Telefon:<\/strong> +385 (1)&nbsp;6255 167<br \/>\n<strong>Mobitel:<\/strong> +385 (91)&nbsp;9155 904<br \/>\n<strong>Adresa:<\/strong>&nbsp;Sisa\u010dka 62,&nbsp;10417 Bu\u0161evec<\/p>\n<p style=\"text-align: left;\"><strong>E-mail:<\/strong>&nbsp;marijan.detelic@oss-busevec.hr<\/p>\n<p><code><br \/>\n<\/code><br \/>\n<code><br \/>\n<\/code><\/p>\n<p style=\"text-align: left;\"><strong><a href=\"\/wp-content\/uploads\/2015\/03\/Blank_Person.png\"><img loading=\"lazy\" decoding=\"async\" class=\"alignleft size-full wp-image-260\" src=\"\/wp-content\/uploads\/2015\/03\/Blank_Person.png\" alt=\"Blank_Person\" width=\"171\" height=\"171\" srcset=\"https:\/\/oss-busevec.hr\/wp-content\/uploads\/2015\/03\/Blank_Person.png 171w, https:\/\/oss-busevec.hr\/wp-content\/uploads\/2015\/03\/Blank_Person-100x100.png 100w, https:\/\/oss-busevec.hr\/wp-content\/uploads\/2015\/03\/Blank_Person-150x150.png 150w\" sizes=\"auto, (max-width: 171px) 100vw, 171px\" \/><\/a><\/strong><\/p>\n<p style=\"text-align: left;\"><strong>DUBRAVKO BEDEK<br \/>\n<\/strong><\/p>\n<p style=\"text-align: left;\"><strong>Telefon:<\/strong> +385 (1)&nbsp;6230 431<br \/>\n<strong>Mobitel:<\/strong> +385 (91)&nbsp;5018 842<br \/>\n<strong>Adresa:<\/strong>&nbsp;Stara cesta 66, Vukovina,&nbsp;10410 Velika Gorica<\/p>\n<p style=\"text-align: left;\"><strong>E-mail:<\/strong>&nbsp;dubravko.bedek@oss-busevec.hr<\/p>\n<p><code><br \/>\n<\/code><br \/>\n<code><br \/>\n<\/code><\/p>\n<p style=\"text-align: left;\"><strong><a href=\"\/wp-content\/uploads\/2015\/03\/Blank_Person.png\"><img loading=\"lazy\" decoding=\"async\" class=\"alignleft size-full wp-image-260\" src=\"\/wp-content\/uploads\/2015\/03\/Blank_Person.png\" alt=\"Blank_Person\" width=\"171\" height=\"171\" srcset=\"https:\/\/oss-busevec.hr\/wp-content\/uploads\/2015\/03\/Blank_Person.png 171w, https:\/\/oss-busevec.hr\/wp-content\/uploads\/2015\/03\/Blank_Person-100x100.png 100w, https:\/\/oss-busevec.hr\/wp-content\/uploads\/2015\/03\/Blank_Person-150x150.png 150w\" sizes=\"auto, (max-width: 171px) 100vw, 171px\" \/><\/a><\/strong><\/p>\n<p style=\"text-align: left;\"><strong>ZLATKO BOBESI\u0106<br \/>\n<\/strong><\/p>\n<p style=\"text-align: left;\"><strong>Telefon:<\/strong> +385 (1)&nbsp;6255 078<br \/>\n<strong>Mobitel:<\/strong> +385 (91)&nbsp;5322 327<br \/>\n<strong>Adresa:<\/strong>&nbsp;Bra\u0107e Radi\u0107 40, Ku\u010de,&nbsp;10410 Velika Gorica<\/p>\n<p style=\"text-align: left;\"><strong>E-mail:<\/strong>&nbsp;zlatko.bobesic@oss-busevec.hr<\/p>\n<p><code><br \/>\n<\/code><br \/>\n<code><br \/>\n<\/code><\/p>\n<p style=\"text-align: left;\"><strong><a href=\"\/wp-content\/uploads\/2015\/03\/Blank_Person.png\"><img loading=\"lazy\" decoding=\"async\" class=\"alignleft size-full wp-image-260\" src=\"\/wp-content\/uploads\/2015\/03\/Blank_Person.png\" alt=\"Blank_Person\" width=\"171\" height=\"171\" srcset=\"https:\/\/oss-busevec.hr\/wp-content\/uploads\/2015\/03\/Blank_Person.png 171w, https:\/\/oss-busevec.hr\/wp-content\/uploads\/2015\/03\/Blank_Person-100x100.png 100w, https:\/\/oss-busevec.hr\/wp-content\/uploads\/2015\/03\/Blank_Person-150x150.png 150w\" sizes=\"auto, (max-width: 171px) 100vw, 171px\" \/><\/a><\/strong><\/p>\n<p style=\"text-align: left;\"><strong>PETRA RO\u017dI\u0106<br \/>\n<\/strong><\/p>\n<p style=\"text-align: left;\"><strong>Telefon:<\/strong> +385 (1)&nbsp;6255 819<br \/>\n<strong>Mobitel:<\/strong> +385 (91)&nbsp;5407 621<br \/>\n<strong>Adresa:<\/strong>&nbsp;Dolenec 70,&nbsp;10417 Bu\u0161evec<\/p>\n<p style=\"text-align: left;\"><strong>E-mail:<\/strong>&nbsp;petra.rozic@oss-busevec.hr<\/p>\n<p><code><br \/>\n<\/code><br \/>\n<code><br \/>\n<\/code><\/p>\n<p style=\"text-align: left;\"><strong><a href=\"\/wp-content\/uploads\/2015\/03\/Blank_Person.png\"><img loading=\"lazy\" decoding=\"async\" class=\"alignleft size-full wp-image-260\" src=\"\/wp-content\/uploads\/2015\/03\/Blank_Person.png\" alt=\"Blank_Person\" width=\"171\" height=\"171\" srcset=\"https:\/\/oss-busevec.hr\/wp-content\/uploads\/2015\/03\/Blank_Person.png 171w, https:\/\/oss-busevec.hr\/wp-content\/uploads\/2015\/03\/Blank_Person-100x100.png 100w, https:\/\/oss-busevec.hr\/wp-content\/uploads\/2015\/03\/Blank_Person-150x150.png 150w\" sizes=\"auto, (max-width: 171px) 100vw, 171px\" \/><\/a><\/strong><\/p>\n<p style=\"text-align: left;\"><strong>SANJA PRIBANI\u0106<br \/>\n<\/strong><\/p>\n<p style=\"text-align: left;\"><strong>Telefon:<\/strong> +385 (1)<br \/>\n<strong>Mobitel:<\/strong> +385 (98)&nbsp;1912 127<br \/>\n<strong>Adresa:<\/strong>&nbsp;Turopoljska 3,&nbsp;10417 Bu\u0161evec<\/p>\n<p style=\"text-align: left;\"><strong>E-mail:<\/strong>&nbsp;sanja.pribanic@oss-busevec.hr<\/p>\n<p><code><br \/>\n<\/code><br \/>\n<code><br \/>\n<\/code><\/p>\n<p style=\"text-align: left;\"><strong><a href=\"\/wp-content\/uploads\/2015\/03\/Blank_Person.png\"><img loading=\"lazy\" decoding=\"async\" class=\"alignleft size-full wp-image-260\" src=\"\/wp-content\/uploads\/2015\/03\/Blank_Person.png\" alt=\"Blank_Person\" width=\"171\" height=\"171\" srcset=\"https:\/\/oss-busevec.hr\/wp-content\/uploads\/2015\/03\/Blank_Person.png 171w, https:\/\/oss-busevec.hr\/wp-content\/uploads\/2015\/03\/Blank_Person-100x100.png 100w, https:\/\/oss-busevec.hr\/wp-content\/uploads\/2015\/03\/Blank_Person-150x150.png 150w\" sizes=\"auto, (max-width: 171px) 100vw, 171px\" \/><\/a><\/strong><\/p>\n<p style=\"text-align: left;\"><strong>MATIJA DETELI\u0106<br \/>\n<\/strong><\/p>\n<p style=\"text-align: left;\"><strong>Telefon:<\/strong> +385 (1)&nbsp;6255 157<br \/>\n<strong>Mobitel:<\/strong> +385 (98)&nbsp;348 300<br \/>\n<strong>Adresa:<\/strong>&nbsp;Sisa\u010dka 77,&nbsp;10417 Bu\u0161evec<\/p>\n<p style=\"text-align: left;\"><strong>E-mail:<\/strong>&nbsp;matija.detelic@oss-busevec.hr<\/p>\n<p><code><br \/>\n<\/code><br \/>\n<code><br \/>\n<\/code><\/p>\n<p style=\"text-align: left;\"><strong><a href=\"\/wp-content\/uploads\/2015\/03\/Blank_Person.png\"><img loading=\"lazy\" decoding=\"async\" class=\"alignleft size-full wp-image-260\" src=\"\/wp-content\/uploads\/2015\/03\/Blank_Person.png\" alt=\"Blank_Person\" width=\"171\" height=\"171\" srcset=\"https:\/\/oss-busevec.hr\/wp-content\/uploads\/2015\/03\/Blank_Person.png 171w, https:\/\/oss-busevec.hr\/wp-content\/uploads\/2015\/03\/Blank_Person-100x100.png 100w, https:\/\/oss-busevec.hr\/wp-content\/uploads\/2015\/03\/Blank_Person-150x150.png 150w\" sizes=\"auto, (max-width: 171px) 100vw, 171px\" \/><\/a><\/strong><\/p>\n<p style=\"text-align: left;\"><strong>MARIJAN FABIJAN\u010cI\u0106<br \/>\n<\/strong><\/p>\n<p style=\"text-align: left;\"><strong>Telefon:<\/strong> +385 (1)&nbsp;6236 305<br \/>\n<strong>Mobitel:<\/strong> +385 (91)&nbsp;5322 327<br \/>\n<strong>Adresa:<\/strong>&nbsp;Bra\u0107e Radi\u0107 40, Ku\u010de,&nbsp;10410 Velika Gorica<\/p>\n<p style=\"text-align: left;\"><strong>E-mail:<\/strong>&nbsp;marijan.fabijancic@oss-busevec.hr<\/p>\n<p><code><br \/>\n<\/code><br \/>\n<code><br \/>\n<\/code><\/p>\n<p style=\"text-align: left;\"><strong><a href=\"\/wp-content\/uploads\/2015\/03\/Blank_Person.png\"><img loading=\"lazy\" decoding=\"async\" class=\"alignleft size-full wp-image-260\" src=\"\/wp-content\/uploads\/2015\/03\/Blank_Person.png\" alt=\"Blank_Person\" width=\"171\" height=\"171\" srcset=\"https:\/\/oss-busevec.hr\/wp-content\/uploads\/2015\/03\/Blank_Person.png 171w, https:\/\/oss-busevec.hr\/wp-content\/uploads\/2015\/03\/Blank_Person-100x100.png 100w, https:\/\/oss-busevec.hr\/wp-content\/uploads\/2015\/03\/Blank_Person-150x150.png 150w\" sizes=\"auto, (max-width: 171px) 100vw, 171px\" \/><\/a><\/strong><\/p>\n<p style=\"text-align: left;\"><strong>IVANA \u017dUGAJ<br \/>\n<\/strong><\/p>\n<p style=\"text-align: left;\"><strong>Telefon:<\/strong> +385 (1)&nbsp;6255 090<br \/>\n<strong>Mobitel:<\/strong> +385 (91)&nbsp;7923 274<br \/>\n<strong>Adresa:<\/strong>&nbsp;Ro\u017einec 7,&nbsp;10417 Bu\u0161evec<\/p>\n<p style=\"text-align: left;\"><strong>E-mail:<\/strong>&nbsp;ivana.zugaj@oss-busevec.hr<\/p>\n<p><code><br \/>\n<\/code><br \/>\n<code><br \/>\n<\/code><\/p>\n<p style=\"text-align: left;\"><strong><a href=\"\/wp-content\/uploads\/2015\/03\/Blank_Person.png\"><img loading=\"lazy\" decoding=\"async\" class=\"alignleft size-full wp-image-260\" src=\"\/wp-content\/uploads\/2015\/03\/Blank_Person.png\" alt=\"Blank_Person\" width=\"171\" height=\"171\" srcset=\"https:\/\/oss-busevec.hr\/wp-content\/uploads\/2015\/03\/Blank_Person.png 171w, https:\/\/oss-busevec.hr\/wp-content\/uploads\/2015\/03\/Blank_Person-100x100.png 100w, https:\/\/oss-busevec.hr\/wp-content\/uploads\/2015\/03\/Blank_Person-150x150.png 150w\" sizes=\"auto, (max-width: 171px) 100vw, 171px\" \/><\/a><\/strong><\/p>\n<p style=\"text-align: left;\"><strong>MEDVED \u017dELJKO<br \/>\n<\/strong><\/p>\n<p style=\"text-align: left;\"><strong>Telefon:<\/strong> +385 (1)&nbsp;6255 043<br \/>\n<strong>Mobitel:<\/strong> +385 (98)&nbsp;362 721<br \/>\n<strong>Adresa:<\/strong>&nbsp;Zagreba\u010dka 30,&nbsp;10417 Bu\u0161evec<\/p>\n<p style=\"text-align: left;\"><strong>E-mail:<\/strong>&nbsp;zeljko.medved@oss-busevec.hr<\/p>\n<p><code><br \/>\n<\/code><br \/>\n<code><br \/>\n<\/code><\/p>\n<p style=\"text-align: left;\"><strong><a href=\"\/wp-content\/uploads\/2015\/03\/Blank_Person.png\"><img loading=\"lazy\" decoding=\"async\" class=\"alignleft size-full wp-image-260\" src=\"\/wp-content\/uploads\/2015\/03\/Blank_Person.png\" alt=\"Blank_Person\" width=\"171\" height=\"171\" srcset=\"https:\/\/oss-busevec.hr\/wp-content\/uploads\/2015\/03\/Blank_Person.png 171w, https:\/\/oss-busevec.hr\/wp-content\/uploads\/2015\/03\/Blank_Person-100x100.png 100w, https:\/\/oss-busevec.hr\/wp-content\/uploads\/2015\/03\/Blank_Person-150x150.png 150w\" sizes=\"auto, (max-width: 171px) 100vw, 171px\" \/><\/a><\/strong><\/p>\n<p style=\"text-align: left;\"><strong>MARINKO KATULI\u0106<br \/>\n<\/strong><\/p>\n<p style=\"text-align: left;\"><strong>Telefon:<\/strong> +385 (1)&nbsp;6255 238<br \/>\n<strong>Mobitel:<\/strong> +385 (99)&nbsp;6829 703<br \/>\n<strong>Adresa:<\/strong>&nbsp;Novo Selo bb,&nbsp;10417 Bu\u0161evec<\/p>\n<p style=\"text-align: left;\"><strong>E-mail:<\/strong>&nbsp;marinko.katulic@oss-busevec.hr<\/p>\n<p><code><br \/>\n<\/code><br \/>\n<code><br \/>\n<\/code><\/p>\n<p style=\"text-align: left;\"><strong><a href=\"\/wp-content\/uploads\/2015\/03\/Blank_Person.png\"><img loading=\"lazy\" decoding=\"async\" class=\"alignleft size-full wp-image-260\" src=\"\/wp-content\/uploads\/2015\/03\/Blank_Person.png\" alt=\"Blank_Person\" width=\"171\" height=\"171\" srcset=\"https:\/\/oss-busevec.hr\/wp-content\/uploads\/2015\/03\/Blank_Person.png 171w, https:\/\/oss-busevec.hr\/wp-content\/uploads\/2015\/03\/Blank_Person-100x100.png 100w, https:\/\/oss-busevec.hr\/wp-content\/uploads\/2015\/03\/Blank_Person-150x150.png 150w\" sizes=\"auto, (max-width: 171px) 100vw, 171px\" \/><\/a><\/strong><\/p>\n<p style=\"text-align: left;\"><strong>IRENA RO\u017dI\u0106<br \/>\n<\/strong><\/p>\n<p style=\"text-align: left;\"><strong>Telefon:<\/strong> +385 (1)&nbsp;6255 864<br \/>\n<strong>Mobitel:<\/strong> +385 (98)&nbsp;9712 273<br \/>\n<strong>Adresa:<\/strong>&nbsp;Zagreba\u010dka 19,&nbsp;10417 Bu\u0161evec<\/p>\n<p style=\"text-align: left;\"><strong>E-mail:<\/strong>&nbsp;irena.rozic@oss-busevec.hr<\/p>\n<p><code><br \/>\n<\/code><br \/>\n<code><br \/>\n<\/code><\/p>\n<p style=\"text-align: left;\"><strong><a href=\"\/wp-content\/uploads\/2015\/03\/Blank_Person.png\"><img loading=\"lazy\" decoding=\"async\" class=\"alignleft size-full wp-image-260\" src=\"\/wp-content\/uploads\/2015\/03\/Blank_Person.png\" alt=\"Blank_Person\" width=\"171\" height=\"171\" srcset=\"https:\/\/oss-busevec.hr\/wp-content\/uploads\/2015\/03\/Blank_Person.png 171w, https:\/\/oss-busevec.hr\/wp-content\/uploads\/2015\/03\/Blank_Person-100x100.png 100w, https:\/\/oss-busevec.hr\/wp-content\/uploads\/2015\/03\/Blank_Person-150x150.png 150w\" sizes=\"auto, (max-width: 171px) 100vw, 171px\" \/><\/a><\/strong><\/p>\n<p style=\"text-align: left;\"><strong>BARICA KOVA\u010cEVI\u0106<br \/>\n<\/strong><\/p>\n<p style=\"text-align: left;\"><strong>Telefon:<\/strong> +385 (1)&nbsp;6216 044<br \/>\n<strong>Mobitel:<\/strong> +385 (98)&nbsp;9367 181<br \/>\n<strong>Adresa:<\/strong>&nbsp;Vinogradska 56,&nbsp;10417 Bu\u0161evec<\/p>\n<p style=\"text-align: left;\"><strong>E-mail:<\/strong>&nbsp;barica.kovacevic@oss-busevec.hr<\/p>\n<p><code><br \/>\n<\/code><br \/>\n<code><br \/>\n<\/code><\/p>\n<p style=\"text-align: left;\"><strong><a href=\"\/wp-content\/uploads\/2015\/03\/Blank_Person.png\"><img loading=\"lazy\" decoding=\"async\" class=\"alignleft size-full wp-image-260\" src=\"\/wp-content\/uploads\/2015\/03\/Blank_Person.png\" alt=\"Blank_Person\" width=\"171\" height=\"171\" srcset=\"https:\/\/oss-busevec.hr\/wp-content\/uploads\/2015\/03\/Blank_Person.png 171w, https:\/\/oss-busevec.hr\/wp-content\/uploads\/2015\/03\/Blank_Person-100x100.png 100w, https:\/\/oss-busevec.hr\/wp-content\/uploads\/2015\/03\/Blank_Person-150x150.png 150w\" sizes=\"auto, (max-width: 171px) 100vw, 171px\" \/><\/a><\/strong><\/p>\n<p style=\"text-align: left;\"><strong>MIROSLAV KOVA\u010cEVI\u0106<br \/>\n<\/strong><\/p>\n<p style=\"text-align: left;\"><strong>Telefon:<\/strong> +385 (1)&nbsp;6255 094<br \/>\n<strong>Mobitel:<\/strong> +385 (98)&nbsp;9147 581<br \/>\n<strong>Adresa:<\/strong>&nbsp;Turopoljska 16,&nbsp;10417 Bu\u0161evec<\/p>\n<p style=\"text-align: left;\"><strong>E-mail:<\/strong>&nbsp;miroslav.kovacevic@oss-busevec.hr<\/p>\n<p><code><br \/>\n<\/code><br \/>\n<code><br \/>\n<\/code><\/p>\n<p style=\"text-align: left;\"><strong><a href=\"\/wp-content\/uploads\/2015\/03\/Blank_Person.png\"><img loading=\"lazy\" decoding=\"async\" class=\"alignleft size-full wp-image-260\" src=\"\/wp-content\/uploads\/2015\/03\/Blank_Person.png\" alt=\"Blank_Person\" width=\"171\" height=\"171\" srcset=\"https:\/\/oss-busevec.hr\/wp-content\/uploads\/2015\/03\/Blank_Person.png 171w, https:\/\/oss-busevec.hr\/wp-content\/uploads\/2015\/03\/Blank_Person-100x100.png 100w, https:\/\/oss-busevec.hr\/wp-content\/uploads\/2015\/03\/Blank_Person-150x150.png 150w\" sizes=\"auto, (max-width: 171px) 100vw, 171px\" \/><\/a><\/strong><\/p>\n<p style=\"text-align: left;\"><strong>MARIO \u0110URA\u0160IN<br \/>\n<\/strong><\/p>\n<p style=\"text-align: left;\"><strong>Telefon:<\/strong> +385 (1)&nbsp;6263 223<br \/>\n<strong>Mobitel:<\/strong> +385 (98)&nbsp;9755 320<br \/>\n<strong>Adresa:<\/strong>&nbsp;Seljine Brigade 31,&nbsp;10413 Kravarsko<\/p>\n<p style=\"text-align: left;\"><strong>E-mail:<\/strong>&nbsp;mario.durasin@oss-busevec.hr<\/p>\n<p><code><br \/>\n<\/code><br \/>\n<code><br \/>\n<\/code><\/p>\n<p style=\"text-align: left;\"><strong><a href=\"\/wp-content\/uploads\/2015\/03\/Blank_Person.png\"><img loading=\"lazy\" decoding=\"async\" class=\"alignleft size-full wp-image-260\" src=\"\/wp-content\/uploads\/2015\/03\/Blank_Person.png\" alt=\"Blank_Person\" width=\"171\" height=\"171\" srcset=\"https:\/\/oss-busevec.hr\/wp-content\/uploads\/2015\/03\/Blank_Person.png 171w, https:\/\/oss-busevec.hr\/wp-content\/uploads\/2015\/03\/Blank_Person-100x100.png 100w, https:\/\/oss-busevec.hr\/wp-content\/uploads\/2015\/03\/Blank_Person-150x150.png 150w\" sizes=\"auto, (max-width: 171px) 100vw, 171px\" \/><\/a><\/strong><\/p>\n<p style=\"text-align: left;\"><strong>MILENKO TO\u0160I\u0106<br \/>\n<\/strong><\/p>\n<p style=\"text-align: left;\"><strong>Telefon:<\/strong> +385 (1)&nbsp;6255 023<br \/>\n<strong>Mobitel:<\/strong> +385 (98)&nbsp;577 680<br \/>\n<strong>Adresa:<\/strong>&nbsp;Zagreba\u010dka 31\/5,&nbsp;10417 Bu\u0161evec<\/p>\n<p style=\"text-align: left;\"><strong>E-mail:<\/strong>&nbsp;milenko.tosic@oss-busevec.hr<\/p>\n<p><code><br \/>\n<\/code><br \/>\n<code><br \/>\n<\/code><\/code><\/p>\n<p><code><code><code><code><code><code><code><code><code><code><code><code><code><code><code><code><code><\/code><\/code><\/code><\/code><\/code><\/code><\/code><\/code><\/code><\/code><\/code><\/code><\/code><\/code><\/code><\/code><\/code><\/p>\n<p><code><br \/>\n<\/code><code><\/code><code><\/code><code><\/code><\/p>\n<p><code><code><code><code><code><code><code><code><code><code><code><code><code><code><code><code><code><\/code><\/code><\/code><\/code><\/code><\/code><\/code><\/code><\/code><\/code><\/code><\/code><\/code><\/code><\/code><\/code><\/code><\/p>\n<p><code><code><\/code><\/code><code><code><\/code><\/code><code><code><\/code><\/code><\/p>\n<p><code><code><code><code><code><code><code><code><code><code><code><code><code><code><code><\/code><\/code><\/code><\/code><\/code><\/code><\/code><\/code><\/code><\/code><\/code><\/code><\/code><\/code><\/code><\/p>\n<p><code><code><code><code><code><code><code><code><code><code><code><code><code><code><\/code><\/code><\/code><\/code><\/code><\/code><\/code><\/code><\/code><\/code><\/code><\/code><\/code><\/code><\/p>","protected":false},"excerpt":{"rendered":"<p>NENAD RO\u017dI\u0106 Telefon: +385 (1) 6255 864 Mobitel: +385 (98) 829 907 Adresa: Zagreba\u010dka 19,&nbsp;10417 Bu\u0161evec E-mail: nenad.rozic@oss-busevec.hr DUBRAVKO KATULI\u0106 Telefon: +385 (1)&nbsp;6263 331 Mobitel: +385 (98)&nbsp;525 604 Adresa:&nbsp;Seljine brigade 54E, 10413 Kravarsko E-mail:&nbsp;dubravko.katulic@oss-busevec.hr MARIJAN DETELI\u0106 Telefon: +385 (1)&nbsp;6255 167 Mobitel: +385 (91)&nbsp;9155 904 Adresa:&nbsp;Sisa\u010dka 62,&nbsp;10417 Bu\u0161evec E-mail:&nbsp;marijan.detelic@oss-busevec.hr DUBRAVKO BEDEK Telefon: +385 (1)&nbsp;6230 431 Mobitel:<\/p>\n","protected":false},"author":2,"featured_media":0,"parent":0,"menu_order":0,"comment_status":"open","ping_status":"open","template":"","meta":{"_acf_changed":false,"_monsterinsights_skip_tracking":false,"_monsterinsights_sitenote_active":false,"_monsterinsights_sitenote_note":"","_monsterinsights_sitenote_category":0,"footnotes":""},"class_list":["post-159","page","type-page","status-publish","hentry"],"acf":[],"_links":{"self":[{"href":"https:\/\/oss-busevec.hr\/en\/wp-json\/wp\/v2\/pages\/159","targetHints":{"allow":["GET"]}}],"collection":[{"href":"https:\/\/oss-busevec.hr\/en\/wp-json\/wp\/v2\/pages"}],"about":[{"href":"https:\/\/oss-busevec.hr\/en\/wp-json\/wp\/v2\/types\/page"}],"author":[{"embeddable":true,"href":"https:\/\/oss-busevec.hr\/en\/wp-json\/wp\/v2\/users\/2"}],"replies":[{"embeddable":true,"href":"https:\/\/oss-busevec.hr\/en\/wp-json\/wp\/v2\/comments?post=159"}],"version-history":[{"count":129,"href":"https:\/\/oss-busevec.hr\/en\/wp-json\/wp\/v2\/pages\/159\/revisions"}],"predecessor-version":[{"id":26792,"href":"https:\/\/oss-busevec.hr\/en\/wp-json\/wp\/v2\/pages\/159\/revisions\/26792"}],"wp:attachment":[{"href":"https:\/\/oss-busevec.hr\/en\/wp-json\/wp\/v2\/media?parent=159"}],"curies":[{"name":"wp","href":"https:\/\/api.w.org\/{rel}","templated":true}]}}