{"id":22852,"date":"2020-07-22T14:03:21","date_gmt":"2020-07-22T12:03:21","guid":{"rendered":"https:\/\/oss-busevec.hr\/?page_id=22852"},"modified":"2022-10-24T19:13:05","modified_gmt":"2022-10-24T17:13:05","slug":"bus-eko","status":"publish","type":"page","link":"https:\/\/oss-busevec.hr\/en\/bus-eko\/","title":{"rendered":"Bu\u0161 eko?!"},"content":{"rendered":"\n<p><\/p>\n\n\n\n<p><a href=\"https:\/\/oss-busevec.hr\/ciljevi-projekta\/\" target=\"_blank\" rel=\"noreferrer noopener\" aria-label=\"Ciljevi projekta (opens in a new tab)\">Ciljevi projekta<\/a><\/p>\n\n\n\n<p><a rel=\"noreferrer noopener\" aria-label=\" (opens in a new tab)\" href=\"https:\/\/oss-busevec.hr\/energetski-kulturni-i-odrzivi-razvoj-busevca-bus-eko\/\" target=\"_blank\">Energetski, kulturni i odr\u017eivi razvoj Bu\u0161evca, Bu\u0161 eko?!<\/a><\/p>\n\n\n\n<p><a href=\"https:\/\/oss-busevec.hr\/kulturno-umjetnicke-aktivnosti-u-busevcu-i-ocuvanje-tradicije-uz-pomoc-bus-eko-projekta\/\" target=\"_blank\" rel=\"noreferrer noopener\">Kulturno-umjetni\u010dke aktivnosti u Bu\u0161evcu i o\u010duvanje tradicije uz pomo\u0107 Bu\u0161 Eko?! projekta<\/a><\/p>\n\n\n\n<p><a href=\"https:\/\/oss-busevec.hr\/anketa-bus-eko\/\">Prezentacija i rezultati provedene ANKETE Bu\u0161 eko?!<\/a><\/p>\n\n\n\n<p><a href=\"https:\/\/oss-busevec.hr\/djelomicna-adaptacija-doma-kulture-busevec\/\">Djelomi\u010dna adaptacija doma kulture Bu\u0161evec: prije vs poslije<\/a><\/p>\n\n\n\n<p><a href=\"http:\/\/oss-busevec.hr\/uspjesno-zavrsen-projekt-bus-eko\/\">Uspje\u0161no zavr\u0161en projekt Bu\u0161 eko?!<\/a><\/p>\n","protected":false},"excerpt":{"rendered":"<p>Ciljevi projekta Energetski, kulturni i odr\u017eivi razvoj Bu\u0161evca, Bu\u0161 eko?! Kulturno-umjetni\u010dke aktivnosti u Bu\u0161evcu i o\u010duvanje tradicije uz pomo\u0107 Bu\u0161 Eko?! projekta Prezentacija i rezultati provedene ANKETE Bu\u0161 eko?! Djelomi\u010dna adaptacija doma kulture Bu\u0161evec: prije vs poslije Uspje\u0161no zavr\u0161en projekt Bu\u0161 eko?!<\/p>\n","protected":false},"author":3,"featured_media":0,"parent":0,"menu_order":0,"comment_status":"closed","ping_status":"closed","template":"","meta":{"_acf_changed":false,"_monsterinsights_skip_tracking":false,"_monsterinsights_sitenote_active":false,"_monsterinsights_sitenote_note":"","_monsterinsights_sitenote_category":0,"footnotes":""},"class_list":["post-22852","page","type-page","status-publish","hentry"],"acf":[],"_links":{"self":[{"href":"https:\/\/oss-busevec.hr\/en\/wp-json\/wp\/v2\/pages\/22852","targetHints":{"allow":["GET"]}}],"collection":[{"href":"https:\/\/oss-busevec.hr\/en\/wp-json\/wp\/v2\/pages"}],"about":[{"href":"https:\/\/oss-busevec.hr\/en\/wp-json\/wp\/v2\/types\/page"}],"author":[{"embeddable":true,"href":"https:\/\/oss-busevec.hr\/en\/wp-json\/wp\/v2\/users\/3"}],"replies":[{"embeddable":true,"href":"https:\/\/oss-busevec.hr\/en\/wp-json\/wp\/v2\/comments?post=22852"}],"version-history":[{"count":12,"href":"https:\/\/oss-busevec.hr\/en\/wp-json\/wp\/v2\/pages\/22852\/revisions"}],"predecessor-version":[{"id":27396,"href":"https:\/\/oss-busevec.hr\/en\/wp-json\/wp\/v2\/pages\/22852\/revisions\/27396"}],"wp:attachment":[{"href":"https:\/\/oss-busevec.hr\/en\/wp-json\/wp\/v2\/media?parent=22852"}],"curies":[{"name":"wp","href":"https:\/\/api.w.org\/{rel}","templated":true}]}}