{"id":22854,"date":"2020-07-22T14:04:46","date_gmt":"2020-07-22T12:04:46","guid":{"rendered":"https:\/\/oss-busevec.hr\/?page_id=22854"},"modified":"2020-07-22T14:08:59","modified_gmt":"2020-07-22T12:08:59","slug":"energetski-kulturni-i-odrzivi-razvoj-busevca-bus-eko","status":"publish","type":"page","link":"https:\/\/oss-busevec.hr\/en\/energetski-kulturni-i-odrzivi-razvoj-busevca-bus-eko\/","title":{"rendered":"Energetski, kulturni i odr\u017eivi razvoj Bu\u0161evca, Bu\u0161 Eko"},"content":{"rendered":"\n<p>\n\nPo\u0161tovani prijatelji i simpatizeri Ogranka Selja\u010dke sloge Bu\u0161evec,<\/p>\n\n\n\n<p>s velikim veseljem vas \u017eelimo obavijestiti da je OSS Bu\u0161evec uspio dobiti sredstva iz Europskog socijalnog fonda za projekt \u201eEnergetski, kulturni i odr\u017eivi razvoj Bu\u0161evca \u2013 ulaganje u programe i infrastrukturu lokalne zajednice\u201c (Bu\u0161 Eko?!).\u201d<\/p>\n\n\n\n<p>Nositelj projekta je DOOR \u2013&nbsp;Dru\u0161tva za oblikovanje odr\u017eivog razvoja, a&nbsp;projekt su prijavili zajedno sa partnerima Regionalnom energetskom agencijom Sjeverozapadne Hrvatske (REGEA), Prvim hrvatskim selja\u010dkim prosvjetnim i dobrotvornim dru\u0161tvom Ogranak Selja\u010dke sloge Bu\u0161evec i Gradom Velika Gorica.<\/p>\n\n\n\n<p>Ukupna vrijednost projekta je&nbsp;<a href=\"callto:1.995.864,96\">1.995.864,96<\/a>&nbsp;kuna, a provodit \u0107e se kroz dvije godine.<\/p>\n\n\n\n<p>Ovo je prvi projekt iz Europskih fondova koji smo uspjeli dovesti u Bu\u0161evec i toplo se nadamo da \u0107emo njime barem malo podi\u0107i kvalitetu \u017eivljenja u Bu\u0161evcu, ovaj puta ure\u0111enjem Doma kulture.<\/p>\n\n\n\n<p>U skoroj budu\u0107nosti se nadamo novim projektima kojima bismo \u0161to vi\u0161e uredili na\u0161e lijepo mjesto Bu\u0161evec i od njega napravili \u0161to po\u017eeljnjije mjesto za \u017eivot.<\/p>\n\n\n\n<p>Hvala svima koji su pomogli u pripremi ovog projekta, a vi\u0161e o samom projektu mo\u017eete pro\u010ditati u priop\u0107enju za medije koji vam donosimo u prilogu.<\/p>\n\n\n\n<p>Predsjednik Ogranka Selja\u010dke sloge Bu\u0161evec<\/p>\n\n\n\n<p>Nenad Ro\u017ei\u0107<\/p>\n\n\n\n<figure class=\"wp-block-image\"><img loading=\"lazy\" decoding=\"async\" width=\"453\" height=\"640\" src=\"https:\/\/oss-busevec.hr\/wp-content\/uploads\/2020\/05\/Bu\u0161-eko-453x640.jpg\" alt=\"\" class=\"wp-image-22548\" srcset=\"https:\/\/oss-busevec.hr\/wp-content\/uploads\/2020\/05\/Bu\u0161-eko-453x640.jpg 453w, https:\/\/oss-busevec.hr\/wp-content\/uploads\/2020\/05\/Bu\u0161-eko-212x300.jpg 212w, https:\/\/oss-busevec.hr\/wp-content\/uploads\/2020\/05\/Bu\u0161-eko-768x1086.jpg 768w, https:\/\/oss-busevec.hr\/wp-content\/uploads\/2020\/05\/Bu\u0161-eko-300x424.jpg 300w\" sizes=\"auto, (max-width: 453px) 100vw, 453px\" \/><\/figure>\n","protected":false},"excerpt":{"rendered":"<p>Po\u0161tovani prijatelji i simpatizeri Ogranka Selja\u010dke sloge Bu\u0161evec, s velikim veseljem vas \u017eelimo obavijestiti da je OSS Bu\u0161evec uspio dobiti sredstva iz Europskog socijalnog fonda za projekt \u201eEnergetski, kulturni i odr\u017eivi razvoj Bu\u0161evca \u2013 ulaganje u programe i infrastrukturu lokalne zajednice\u201c (Bu\u0161 Eko?!).\u201d Nositelj projekta je DOOR \u2013&nbsp;Dru\u0161tva za oblikovanje odr\u017eivog razvoja, a&nbsp;projekt su prijavili<\/p>\n","protected":false},"author":3,"featured_media":22548,"parent":0,"menu_order":0,"comment_status":"closed","ping_status":"closed","template":"","meta":{"_acf_changed":false,"_monsterinsights_skip_tracking":false,"_monsterinsights_sitenote_active":false,"_monsterinsights_sitenote_note":"","_monsterinsights_sitenote_category":0,"footnotes":""},"class_list":["post-22854","page","type-page","status-publish","has-post-thumbnail","hentry"],"acf":[],"_links":{"self":[{"href":"https:\/\/oss-busevec.hr\/en\/wp-json\/wp\/v2\/pages\/22854","targetHints":{"allow":["GET"]}}],"collection":[{"href":"https:\/\/oss-busevec.hr\/en\/wp-json\/wp\/v2\/pages"}],"about":[{"href":"https:\/\/oss-busevec.hr\/en\/wp-json\/wp\/v2\/types\/page"}],"author":[{"embeddable":true,"href":"https:\/\/oss-busevec.hr\/en\/wp-json\/wp\/v2\/users\/3"}],"replies":[{"embeddable":true,"href":"https:\/\/oss-busevec.hr\/en\/wp-json\/wp\/v2\/comments?post=22854"}],"version-history":[{"count":3,"href":"https:\/\/oss-busevec.hr\/en\/wp-json\/wp\/v2\/pages\/22854\/revisions"}],"predecessor-version":[{"id":22862,"href":"https:\/\/oss-busevec.hr\/en\/wp-json\/wp\/v2\/pages\/22854\/revisions\/22862"}],"wp:featuredmedia":[{"embeddable":true,"href":"https:\/\/oss-busevec.hr\/en\/wp-json\/wp\/v2\/media\/22548"}],"wp:attachment":[{"href":"https:\/\/oss-busevec.hr\/en\/wp-json\/wp\/v2\/media?parent=22854"}],"curies":[{"name":"wp","href":"https:\/\/api.w.org\/{rel}","templated":true}]}}