{"id":22870,"date":"2020-08-28T10:16:00","date_gmt":"2020-08-28T08:16:00","guid":{"rendered":"https:\/\/oss-busevec.hr\/?page_id=22870"},"modified":"2022-10-24T18:57:50","modified_gmt":"2022-10-24T16:57:50","slug":"kalendar-aktivnosti-2","status":"publish","type":"page","link":"https:\/\/oss-busevec.hr\/en\/kalendar-aktivnosti-2\/","title":{"rendered":"Kalendar aktivnosti"},"content":{"rendered":"\n<p><a href=\"https:\/\/oss-busevec.hr\/raspored-proba-2022-2023\/\">Raspored proba 2022\/2023<\/a><\/p>\n\n\n\n<p><a href=\"http:\/\/oss-busevec.hr\/?page_id=26293\">Svibanj 2022.<\/a><\/p>\n\n\n\n<p><a href=\"http:\/\/oss-busevec.hr\/?page_id=26289\">Travanj 2022<\/a>.<\/p>\n\n\n\n<p><a href=\"https:\/\/oss-busevec.hr\/ozujak-2022\/\">O\u017eujak 2022.<\/a><\/p>\n\n\n\n<p><a href=\"http:\/\/oss-busevec.hr\/?page_id=25664\">Velja\u010da 2022.<\/a><\/p>\n\n\n\n<p><a href=\"http:\/\/oss-busevec.hr\/?page_id=25651\">Sije\u010danj 2022.<\/a><\/p>\n\n\n\n<p><a href=\"https:\/\/oss-busevec.hr\/prosinac-2021\/\">Prosinac 2021.<\/a><\/p>\n\n\n\n<p><a href=\"https:\/\/oss-busevec.hr\/studeni-2021\/\">Studeni 2021.<\/a><\/p>\n\n\n\n<p><a href=\"http:\/\/oss-busevec.hr\/?page_id=25019\">Listopad 2021.<\/a><\/p>\n\n\n\n<p><a href=\"https:\/\/oss-busevec.hr\/rujan-2021\/\">Rujan 2021<\/a>.<\/p>\n\n\n\n<p><a href=\"http:\/\/oss-busevec.hr\/kolovoz-2021\/\">Kolovoz 2021.<\/a><\/p>\n\n\n\n<p><a href=\"https:\/\/oss-busevec.hr\/srpanj-2021\/\">Srpanj 2021.<\/a><\/p>\n\n\n\n<p><a href=\"https:\/\/oss-busevec.hr\/lipanj-2021\/\">Lipanj 2021.<\/a><\/p>\n\n\n\n<p><a href=\"https:\/\/oss-busevec.hr\/svibanj-2021\/\">Svibanj 2021.<\/a><\/p>\n\n\n\n<p><a href=\"https:\/\/oss-busevec.hr\/travanj-2021\/\">Travanj 2021.<\/a><\/p>\n\n\n\n<p><a href=\"https:\/\/oss-busevec.hr\/ozujak-2021\/\">O\u017eujak 2021.<\/a><\/p>\n\n\n\n<p><a href=\"https:\/\/oss-busevec.hr\/veljaca-2021\/\">Velja\u010da 2021.<\/a><\/p>\n\n\n\n<p><a href=\"https:\/\/oss-busevec.hr\/sijecanj-2021\/\" target=\"_blank\" rel=\"noreferrer noopener\">Sije\u010danj 2021.<\/a><\/p>\n\n\n\n<p><a href=\"http:\/\/oss-busevec.hr\/prosinac-2020\/\">Prosinac 2020.<\/a><\/p>\n\n\n\n<p><a href=\"http:\/\/oss-busevec.hr\/studeni-2020\/\" target=\"_blank\" rel=\"noreferrer noopener\">Studeni 2020.<\/a><\/p>\n\n\n\n<p><a href=\"http:\/\/oss-busevec.hr\/listopad-2020\/\">Listopad 2020.<\/a><\/p>\n\n\n\n<p><a href=\"https:\/\/oss-busevec.hr\/rujan-2020\/\" target=\"_blank\" rel=\"noreferrer noopener\" aria-label=\"Rujan 2020. (opens in a new tab)\">Rujan 2020.<\/a><\/p>\n\n\n\n<p><a href=\"https:\/\/oss-busevec.hr\/kolovoz-2020\/\" target=\"_blank\" rel=\"noreferrer noopener\" aria-label=\"Kolovoz 2020. (opens in a new tab)\">Kolovoz 2020.<\/a><\/p>\n\n\n\n<p><a href=\"https:\/\/oss-busevec.hr\/srpanj-2020\/\" target=\"_blank\" rel=\"noreferrer noopener\" aria-label=\"Srpanj 2020. (opens in a new tab)\">Srpanj 2020.<\/a><\/p>\n\n\n\n<p><a href=\"https:\/\/oss-busevec.hr\/lipanj-2020\/\" target=\"_blank\" rel=\"noreferrer noopener\" aria-label=\"Lipanj 2020. (opens in a new tab)\">Lipanj 2020.<\/a><br><\/p>\n","protected":false},"excerpt":{"rendered":"<p>Raspored proba 2022\/2023 Svibanj 2022. Travanj 2022. O\u017eujak 2022. Velja\u010da 2022. Sije\u010danj 2022. Prosinac 2021. Studeni 2021. Listopad 2021. Rujan 2021. Kolovoz 2021. Srpanj 2021. Lipanj 2021. Svibanj 2021. Travanj 2021. O\u017eujak 2021. Velja\u010da 2021. Sije\u010danj 2021. Prosinac 2020. Studeni 2020. Listopad 2020. Rujan 2020. Kolovoz 2020. Srpanj 2020. Lipanj 2020.<\/p>\n","protected":false},"author":3,"featured_media":0,"parent":0,"menu_order":0,"comment_status":"closed","ping_status":"closed","template":"","meta":{"_acf_changed":false,"_monsterinsights_skip_tracking":false,"_monsterinsights_sitenote_active":false,"_monsterinsights_sitenote_note":"","_monsterinsights_sitenote_category":0,"footnotes":""},"class_list":["post-22870","page","type-page","status-publish","hentry"],"acf":[],"_links":{"self":[{"href":"https:\/\/oss-busevec.hr\/en\/wp-json\/wp\/v2\/pages\/22870","targetHints":{"allow":["GET"]}}],"collection":[{"href":"https:\/\/oss-busevec.hr\/en\/wp-json\/wp\/v2\/pages"}],"about":[{"href":"https:\/\/oss-busevec.hr\/en\/wp-json\/wp\/v2\/types\/page"}],"author":[{"embeddable":true,"href":"https:\/\/oss-busevec.hr\/en\/wp-json\/wp\/v2\/users\/3"}],"replies":[{"embeddable":true,"href":"https:\/\/oss-busevec.hr\/en\/wp-json\/wp\/v2\/comments?post=22870"}],"version-history":[{"count":37,"href":"https:\/\/oss-busevec.hr\/en\/wp-json\/wp\/v2\/pages\/22870\/revisions"}],"predecessor-version":[{"id":27390,"href":"https:\/\/oss-busevec.hr\/en\/wp-json\/wp\/v2\/pages\/22870\/revisions\/27390"}],"wp:attachment":[{"href":"https:\/\/oss-busevec.hr\/en\/wp-json\/wp\/v2\/media?parent=22870"}],"curies":[{"name":"wp","href":"https:\/\/api.w.org\/{rel}","templated":true}]}}