{"id":22887,"date":"2020-08-28T11:12:10","date_gmt":"2020-08-28T09:12:10","guid":{"rendered":"https:\/\/oss-busevec.hr\/?page_id=22887"},"modified":"2022-04-06T13:21:17","modified_gmt":"2022-04-06T11:21:17","slug":"ciljevi-projekta","status":"publish","type":"page","link":"https:\/\/oss-busevec.hr\/en\/ciljevi-projekta\/","title":{"rendered":"Ciljevi projekta"},"content":{"rendered":"\n<div class=\"wp-block-image\"><figure class=\"aligncenter size-large is-resized\"><img loading=\"lazy\" decoding=\"async\" src=\"https:\/\/oss-busevec.hr\/wp-content\/uploads\/2020\/12\/Bus-eko-logo.-JPG.png\" alt=\"\" class=\"wp-image-23152\" width=\"576\" height=\"448\"\/><\/figure><\/div>\n\n\n\n<p><strong>CILJEVI PROJEKTA<\/strong><\/p>\n\n\n\n<p class=\"has-text-align-left\"><strong><em><strong><em>Energetski, kulturni i odr\u017eivi razvoj Bu\u0161evca \u2013 ulaganje u programe i infrastrukturu lokalne zajednice (Bu\u0161 Eko?!)<\/em><\/strong><\/em><\/strong><\/p>\n\n\n\n<p><strong><strong>Op\u0107i cilj projekta:<\/strong>&nbsp;<\/strong>kapacitirati OCD-e za lokalni razvoj vo\u0111en zajednicom te unaprijediti suradnju OCD-a i lokalne zajednice kroz pove\u0107anje iskori\u0161tenosti javnih prostora za dru\u0161tveni \u017eivot kroz civilno-javno partnerstvo i me\u0111usektorsku suradnju.<\/p>\n\n\n\n<p><strong>Specifi\u010dni ciljevi\nprojekta:<\/strong><br>\n1. Razviti i provesti plan revitalizacije dru\u0161tvenog doma u Bu\u0161evcu,<br>\n2. Kapacitirati lokalne OCD-e za participativno upravljanje javnim dobrima\nkoriste\u0107i na\u010dela odr\u017eivosti,<br>\n3. Stvoriti preduvjete za energetski, kulturni i odr\u017eivi dru\u0161tveni i ekonomski\nnapredak na lokalnoj razini koriste\u0107i pristup \u201eodozdo prema gore\u201d.<\/p>\n\n\n\n<p class=\"has-text-align-left\"><strong>Elementi projekta:<\/strong><br> 1. Razvoj i provedba programa dru\u0161tvenih centara u zajednici, odnosno programa OCD-a koji dopridonose razvoju zajednice (djeluju\u0107i kao dru\u0161tveni centri) u prostorima u javnom vlasni\u0161tvu,<br> 2. Osmi\u0161ljavanje, razvoj i uvo\u0111enje suvremenih inicijativa za sudjelovanje gra\u0111ana u procesu upravljanja prostorima u javnom vlasni\u0161tvu u lokalnoj zajednici,<br> 3. Prilagodba prostora u javnom vlasni\u0161tvu,<br> 4. Promid\u017eba i vidljivost,<br> 5. Upravljanje projektom i administracija.<\/p>\n\n\n\n<p><strong>O\u010dekivani rezultati projekta:<\/strong><br>1. Zaposlen koordinator aktivnosti centra<br> 2. Provedeni programi, aktivnosti i radionice u dru\u0161tvenom centru<br> 3. Participativno izra\u0111eni programi rada i financiranja<br> 4. Organizirani studijski posjeti<br> 5. Provedeno istra\u017eivanje i mapiranje potencijala zajednice za participativnim &nbsp;&nbsp;&nbsp;upravljanjem<br> 6. Provedeno Istra\u017eivanje i mapiranje potencijala OIE<br> 7. Provedeni intervjui s mje\u0161tanima o stvarnim potrebama u zajednici<br> 8. Educirani volontera o anketiranju<br> 9. Razvijeni i uvedeni alati koji unapre\u0111uju sudjelovanje gra\u0111ana u upravljanju &nbsp;&nbsp;prostorima u javnom vlasni\u0161tvu u lokalnoj zajednici<br> 10. Izra\u0111ena studija izvodljivosti adaptacijskog zahvata u dru\u0161tvenom domu Bu\u0161evec<br>11. Izvr\u0161eni adaptacijski zahvati manjeg opsega<br> 12. Uklju\u010deni volonteri u realizaciju dijela aktivnosti obnove dru\u0161tvenog doma<br> 13. Izvr\u0161ena priprema za daljnju adaptaciju prostora po zavr\u0161etku projekta<\/p>\n\n\n\n<p>Vijest o potpisivanju ugovora i po\u010detku provedbe pro\u010ditajte&nbsp;<a href=\"http:\/\/door.hr\/zapocinje-provedba-projekta-za-energetski-kulturni-i-odrzivi-razvoj-busevca-bus-eko\/\" target=\"_blank\" rel=\"noreferrer noopener\" aria-label=\"ovdje (opens in a new tab)\">ovdje<\/a>.<\/p>\n\n\n\n<p><strong>Trajanje projekta<\/strong>:<\/p>\n\n\n\n<p>24 mjeseca (svibanj\n2020. \u2013 svibanj 2022.)<\/p>\n\n\n\n<p><strong>Ukupna vrijednost projekta:<\/strong><br> 1.995.864,96 kuna<\/p>\n\n\n\n<p><strong>Voditelj projekta DOOR:<\/strong><\/p>\n\n\n\n<p>Maja Bratko<br>Mob: 091\/4655-402<br>Mail: maja.bratko@door.hr<\/p>\n\n\n\n<p><strong>Koordinator\nprojekta OSSB:<\/strong><\/p>\n\n\n\n<p>Irena Ro\u017ei\u0107<br>Tel: 098\/971 22 73<br>Mail: irena.rozic@oss-busevec.hr<\/p>\n\n\n\n<p><strong>RADNO VRIJEME UREDA:<\/strong><\/p>\n\n\n\n<p>Druga Srijeda u mjesecu od 8:00 &#8211; 16:00 (Trg Selja\u010dke sloge 9, Bu\u0161evec, I kat)<\/p>\n\n\n\n<p><strong>Izvor financiranja:<\/strong><br> Europski socijalni fond 85%<br> Dr\u017eavni prora\u010dun  15%<\/p>\n\n\n\n<div class=\"wp-block-image\"><figure class=\"alignleft size-large is-resized\"><a href=\"https:\/\/strukturnifondovi.hr\/\" target=\"_blank\" rel=\"noopener noreferrer\"><img loading=\"lazy\" decoding=\"async\" src=\"http:\/\/oss-busevec.hr\/wp-content\/uploads\/2020\/08\/eu-socijalni-fond-1.png\" alt=\"\" class=\"wp-image-22896\" width=\"217\" height=\"83\"\/><\/a><\/figure><\/div>\n\n\n\n<div class=\"wp-block-image\"><figure class=\"alignleft size-large is-resized\"><a href=\"https:\/\/vlada.gov.hr\/\" target=\"_blank\" rel=\"noopener noreferrer\"><img loading=\"lazy\" decoding=\"async\" src=\"http:\/\/oss-busevec.hr\/wp-content\/uploads\/2020\/08\/vlada-rh.jpg\" alt=\"\" class=\"wp-image-22895\" width=\"141\" height=\"100\"\/><\/a><figcaption>Projekt sufinancira Ured za udruge Vlade Republike Hrvatske<\/figcaption><\/figure><\/div>\n\n\n\n<div class=\"wp-block-image\"><figure class=\"alignleft size-large is-resized\"><a href=\"https:\/\/zaklada.civilnodrustvo.hr\/\" target=\"_blank\" rel=\"noopener noreferrer\"><img loading=\"lazy\" decoding=\"async\" src=\"http:\/\/oss-busevec.hr\/wp-content\/uploads\/2020\/08\/nacionalna-zaklada.jpg\" alt=\"\" class=\"wp-image-22892\" width=\"117\" height=\"85\"\/><\/a><\/figure><\/div>\n\n\n\n<p> <\/p>\n\n\n\n<p class=\"has-text-align-left\"><\/p>\n\n\n\n<hr class=\"wp-block-separator\"\/>\n\n\n\n<p><strong>Partneri projekta:<\/strong><\/p>\n\n\n\n<div class=\"wp-block-image\"><figure class=\"alignleft size-large is-resized\"><a href=\"http:\/\/door.hr\/\" target=\"_blank\" rel=\"noopener noreferrer\"><img loading=\"lazy\" decoding=\"async\" src=\"http:\/\/oss-busevec.hr\/wp-content\/uploads\/2020\/08\/door-e1598604603618.png\" alt=\"\" class=\"wp-image-22889\" width=\"77\" height=\"87\"\/><\/a><\/figure><\/div>\n\n\n\n<div class=\"wp-block-image\"><figure class=\"alignleft size-large is-resized\"><a href=\"http:\/\/regea.org\/\" target=\"_blank\" rel=\"noopener noreferrer\"><img loading=\"lazy\" decoding=\"async\" src=\"http:\/\/oss-busevec.hr\/wp-content\/uploads\/2020\/08\/regea.png\" alt=\"\" class=\"wp-image-22894\" width=\"148\" height=\"67\"\/><\/a><\/figure><\/div>\n\n\n\n<div class=\"wp-block-image\"><figure class=\"alignleft size-large is-resized\"><a href=\"www.oss-busevec.hr\" target=\"_blank\" rel=\"noopener noreferrer\"><img loading=\"lazy\" decoding=\"async\" src=\"http:\/\/oss-busevec.hr\/wp-content\/uploads\/2020\/10\/oss.png\" alt=\"\" class=\"wp-image-22986\" width=\"77\" height=\"77\" srcset=\"https:\/\/oss-busevec.hr\/wp-content\/uploads\/2020\/10\/oss.png 150w, https:\/\/oss-busevec.hr\/wp-content\/uploads\/2020\/10\/oss-100x100.png 100w\" sizes=\"auto, (max-width: 77px) 100vw, 77px\" \/><\/a><\/figure><\/div>\n\n\n\n<div class=\"wp-block-image\"><figure class=\"alignleft size-large is-resized\"><a href=\"http:\/\/www.gorica.hr\/\" target=\"_blank\" rel=\"noopener noreferrer\"><img loading=\"lazy\" decoding=\"async\" src=\"http:\/\/oss-busevec.hr\/wp-content\/uploads\/2020\/08\/grad-vg.png\" alt=\"\" class=\"wp-image-22891\" width=\"85\" height=\"99\"\/><\/a><\/figure><\/div>\n\n\n\n<div class=\"wp-block-group\"><div class=\"wp-block-group__inner-container is-layout-flow wp-block-group-is-layout-flow\">\n<figure class=\"wp-block-pullquote\"><blockquote><p><\/p><\/blockquote><\/figure>\n<\/div><\/div>\n","protected":false},"excerpt":{"rendered":"<p>CILJEVI PROJEKTA Energetski, kulturni i odr\u017eivi razvoj Bu\u0161evca \u2013 ulaganje u programe i infrastrukturu lokalne zajednice (Bu\u0161 Eko?!) Op\u0107i cilj projekta:&nbsp;kapacitirati OCD-e za lokalni razvoj vo\u0111en zajednicom te unaprijediti suradnju OCD-a i lokalne zajednice kroz pove\u0107anje iskori\u0161tenosti javnih prostora za dru\u0161tveni \u017eivot kroz civilno-javno partnerstvo i me\u0111usektorsku suradnju. Specifi\u010dni ciljevi projekta: 1. Razviti i provesti<\/p>\n","protected":false},"author":3,"featured_media":0,"parent":0,"menu_order":0,"comment_status":"closed","ping_status":"closed","template":"","meta":{"_acf_changed":false,"_monsterinsights_skip_tracking":false,"_monsterinsights_sitenote_active":false,"_monsterinsights_sitenote_note":"","_monsterinsights_sitenote_category":0,"footnotes":""},"class_list":["post-22887","page","type-page","status-publish","hentry"],"acf":[],"_links":{"self":[{"href":"https:\/\/oss-busevec.hr\/en\/wp-json\/wp\/v2\/pages\/22887","targetHints":{"allow":["GET"]}}],"collection":[{"href":"https:\/\/oss-busevec.hr\/en\/wp-json\/wp\/v2\/pages"}],"about":[{"href":"https:\/\/oss-busevec.hr\/en\/wp-json\/wp\/v2\/types\/page"}],"author":[{"embeddable":true,"href":"https:\/\/oss-busevec.hr\/en\/wp-json\/wp\/v2\/users\/3"}],"replies":[{"embeddable":true,"href":"https:\/\/oss-busevec.hr\/en\/wp-json\/wp\/v2\/comments?post=22887"}],"version-history":[{"count":31,"href":"https:\/\/oss-busevec.hr\/en\/wp-json\/wp\/v2\/pages\/22887\/revisions"}],"predecessor-version":[{"id":26301,"href":"https:\/\/oss-busevec.hr\/en\/wp-json\/wp\/v2\/pages\/22887\/revisions\/26301"}],"wp:attachment":[{"href":"https:\/\/oss-busevec.hr\/en\/wp-json\/wp\/v2\/media?parent=22887"}],"curies":[{"name":"wp","href":"https:\/\/api.w.org\/{rel}","templated":true}]}}