{"id":23492,"date":"2021-01-27T12:02:11","date_gmt":"2021-01-27T10:02:11","guid":{"rendered":"http:\/\/oss-busevec.hr\/?page_id=23492"},"modified":"2021-01-27T12:14:08","modified_gmt":"2021-01-27T10:14:08","slug":"kulturno-umjetnicke-aktivnosti-u-busevcu-i-ocuvanje-tradicije-uz-pomoc-bus-eko-projekta","status":"publish","type":"page","link":"https:\/\/oss-busevec.hr\/en\/kulturno-umjetnicke-aktivnosti-u-busevcu-i-ocuvanje-tradicije-uz-pomoc-bus-eko-projekta\/","title":{"rendered":"Kulturno-umjetni\u010dke aktivnosti u Bu\u0161evcu i o\u010duvanje tradicije uz pomo\u0107 Bu\u0161 Eko?! projekta"},"content":{"rendered":"\n<p>Projekt Bu\u0161 Eko?!, punim nazivom \u201eEnergetski, kulturni i odr\u017eivi razvoj Bu\u0161evca \u2013 ulaganje u programe i infrastrukturu lokalne zajednice\u201c financiran je iz sredstava Europskog socijalnog fonda, ukupne vrijednosti 1.995.864,96 kuna. Projekt se provodi dvije godine, a provedba projekta je zapo\u010dela u svibnju 2020. godine. Cilj \u201eBu\u0161 Eko?!\u201c projekta je energetski obnoviti dru\u0161tveni dom u Bu\u0161evcu, te potaknuti daljnji odr\u017eivi razvoj lokalne zajednice istovremenim o\u010duvanjem tradicijske kulture i na\u010dina \u017eivota uskla\u0111enog s prirodom.<\/p>\n\n\n\n<p>Va\u017ean \u010duvar tradicije i kulture u lokalnoj zajednici je upravo prosvjetno i dobrotvorno dru\u0161tvo pod nazivom Ogranak Selja\u010dke sloge (OSS) Bu\u0161evec koji koristi prostor dru\u0161tvenog doma za organizaciju cijelog niza aktivnosti koje uklju\u010duju stanovnike Bu\u0161evca i okolnih mjesta. Ogranak Selja\u010dke sloge kontinuirano djeluje od 1920. godine i s ponosom nosi naziv mati\u010dne Selja\u010dke sloge u Hrvatskoj. Odobrenje projekta Bu\u0161 Eko?! i obnova Dru\u0161tvenog doma Bu\u0161evec je jedan od ljep\u0161ih poklona koje je Ogranak Selja\u010dke sloge mogao za\u017eeljeti za svoj 100. ro\u0111endan.<\/p>\n\n\n\n<p>O\u010duvanje tradicije i ba\u0161tine na\u0161eg naroda i odgajanje mladih generacija u duhu po\u0161tivanja te tradicije osnovni su ciljevi rada i postojanja OSS Bu\u0161evec. Ti se ciljevi ostvaruju u OSS Bu\u0161evcu kroz djelovanje nekoliko sekcija; folklorna, dramska, etno i medijska (foto-video i arhiva) sekcija. Dru\u0161tvo ima ukupno 400-tinjak \u010dlanova, od kojih je dvjestotinjak svakodnevno aktivno.<\/p>\n\n\n\n<figure class=\"wp-block-image size-large\"><img loading=\"lazy\" decoding=\"async\" width=\"640\" height=\"480\" src=\"https:\/\/oss-busevec.hr\/wp-content\/uploads\/2021\/01\/119.-Turopoljska-Svadba-27-06-2010-640x480.jpg\" alt=\"\" class=\"wp-image-23497\" srcset=\"https:\/\/oss-busevec.hr\/wp-content\/uploads\/2021\/01\/119.-Turopoljska-Svadba-27-06-2010-640x480.jpg 640w, https:\/\/oss-busevec.hr\/wp-content\/uploads\/2021\/01\/119.-Turopoljska-Svadba-27-06-2010-300x225.jpg 300w, https:\/\/oss-busevec.hr\/wp-content\/uploads\/2021\/01\/119.-Turopoljska-Svadba-27-06-2010-768x576.jpg 768w, https:\/\/oss-busevec.hr\/wp-content\/uploads\/2021\/01\/119.-Turopoljska-Svadba-27-06-2010-1536x1152.jpg 1536w, https:\/\/oss-busevec.hr\/wp-content\/uploads\/2021\/01\/119.-Turopoljska-Svadba-27-06-2010.jpg 2000w\" sizes=\"auto, (max-width: 640px) 100vw, 640px\" \/><\/figure>\n\n\n\n<p><br>Folklorna sekcija njeguje izvorni folklor Turopolja i koreografirani folklor koji obuhva\u0107a podru\u010dje cijele Republike Hrvatske. Bogatstvo i ljepotu folklora upotpunjuju no\u0161njama kraja iz kojeg izvode koreografiju, a koje su u njihovom vlasni\u0161tvu.<\/p>\n\n\n\n<p>Dramska sekcija je tako\u0111er sastavni dio OSS-a. Pu\u010dkog kazali\u0161te djeluje od 1923. godine, a u svojoj dugoj povijesti uvje\u017ebano je preko 130 kazali\u0161nih premijera sa preko 1200 nastupa u Hrvatskoj te u Ma\u0111arskoj, Rumunjskoj i Njema\u010dkoj.<\/p>\n\n\n\n<p>Etno sekcija je u proteklih 13 godina uspjela u centar Bu\u0161evca preseliti jedno kompletno imanje \u010dime je stvorena Etno zadruga Bu\u0161evec koja se sastoji od \u010dardaka, melinice, komorke, \u0161tale sa \u0161tagljem, p\u010delinjaka, kukuru\u017enjaka, bunara, drvarnice, pemnice i kru\u0161ne pe\u0107i. 2017 godine je Etno zadruga Bu\u0161evec dobila status za\u0161ti\u0107enog kulturnog dobra Republike Hrvatske. Na taj na\u010din \u010duvaju i materijalnu ba\u0161tinu Turopolja i Hrvatske.<\/p>\n\n\n\n<p>OSS Bu\u0161evec je sudionik svih va\u017enijih smotri i festivala u Hrvatskoj i diljem svijeta. Sudjelovali su na skoro svim smotrama u Hrvatskoj i na festivalima u Njema\u010dkoj Kanadi, Italiji, Austriji, Makedoniji, Litvi, \u010ce\u0161koj, Albaniji, Turskoj, Rusiji, Sloveniji, Meksiku, Portugalu, Gr\u010dkoj i Cipru, gdje su dobili priznanja za trud i kvalitetu izvedenog programa.<\/p>\n\n\n\n<p>Potrebno je istaknuti o\u010duvanje tradicije i 50 godina duga\u010dke suradnje s Hrvatima izvan domovine; Austrija (povremeno od 1968.), Ma\u0111arska (kontinuirano od 1977.), Rumunjska (kontinuirano od 1973.), Njema\u010dka, Kanada (3 puta), Slova\u010dka, Srbija i BiH.<\/p>\n\n\n\n<p>Tiskali smo i niz knjiga na\u0161ih doma\u0107ih autora, a najzna\u010dajnije su svakako Monografije dru\u0161tva, knjiga Bu\u0161evec i Rodoslovlja Bu\u0161evskih obitelji. Ova izdanja va\u017ena su za o\u010duvanje povijesti sredine i dobra su podloga za daljnja prou\u010davanja.<\/p>\n\n\n\n<p>2006. godine dobili smo nagradu Zagreba\u010dke \u017eupanije za doprinos ugledu i promociji Zagreba\u010dke \u017eupanije u zemlji i svijetu i nagradu Grada Velike Gorice \u201eZlatna podgutnica\u201c za doprinos ugledu i promociju grada. Osim toga, 2010.godine, tada\u0161nji predsjednik Republike Hrvatske, dr. Ivo Josipovi\u0107 je OSS-u Bu\u0161evec dodijelio Povelju Republike Hrvatske za izniman doprinos u promociji i odr\u017eanju tradicije folklorne kulture i stvarala\u0161tva hrvatskog naroda, a prigodom 90. godina utemeljenja.<\/p>\n\n\n\n<figure class=\"wp-block-image size-large\"><img loading=\"lazy\" decoding=\"async\" width=\"640\" height=\"462\" src=\"https:\/\/oss-busevec.hr\/wp-content\/uploads\/2021\/01\/005.-Povelja-Pred.-dr.-Ive-Josipovica-OSS-Busevec-05-10-2010-640x462.jpg\" alt=\"\" class=\"wp-image-23498\" srcset=\"https:\/\/oss-busevec.hr\/wp-content\/uploads\/2021\/01\/005.-Povelja-Pred.-dr.-Ive-Josipovica-OSS-Busevec-05-10-2010-640x462.jpg 640w, https:\/\/oss-busevec.hr\/wp-content\/uploads\/2021\/01\/005.-Povelja-Pred.-dr.-Ive-Josipovica-OSS-Busevec-05-10-2010-300x217.jpg 300w, https:\/\/oss-busevec.hr\/wp-content\/uploads\/2021\/01\/005.-Povelja-Pred.-dr.-Ive-Josipovica-OSS-Busevec-05-10-2010-768x555.jpg 768w, https:\/\/oss-busevec.hr\/wp-content\/uploads\/2021\/01\/005.-Povelja-Pred.-dr.-Ive-Josipovica-OSS-Busevec-05-10-2010-1536x1109.jpg 1536w, https:\/\/oss-busevec.hr\/wp-content\/uploads\/2021\/01\/005.-Povelja-Pred.-dr.-Ive-Josipovica-OSS-Busevec-05-10-2010-2048x1479.jpg 2048w\" sizes=\"auto, (max-width: 640px) 100vw, 640px\" \/><\/figure>\n\n\n\n<p><br>Svake pete godine OSS Bu\u0161evec odr\u017eava tradiciju o\u010duvanja velike \u201eTuropoljske svadbe\u201c, medijskog spektakla koji do\u010darava svadbene obi\u010daje Turopolja. OSS Bu\u0161evec organizira niz kulturnih doga\u0111anja i manifestacija:<\/p>\n\n\n\n<p>\u2013 \u201eDje\u010dje igre\u201c \u2013 me\u0111unarodni dje\u010dji folklorni festival,<br>\u2013 \u201eMe\u0111unarodni\u201c festival tradicijskih glazbala,<br>\u2013 \u201eIvanje u Bu\u0161evcu\u201c-susret folklornih skupina,<br>\u2013 \u201eKAJ-BU\u0160\u201c-susret pu\u010dkih kazali\u0161ta kajkavskog govornog podru\u010dja,<br>\u2013 Bo\u017ei\u0107ni koncert.<\/p>\n\n\n\n<p>Zna\u010dajan dio provedbe \u201eBu\u0161 Eko?!\u201c projekta je i revitalizacija zgrade dru\u0161tvenog doma u kojem se odvijaju brojna doga\u0111anja va\u017ena za preno\u0161enje znanja o starim hrvatskim obi\u010dajima i o\u010duvanje tradicije. Obnovom dru\u0161tvenog doma unaprijediti \u0107e se energetske karakteristike zgrade i pobolj\u0161ati uvjeti za nastavak odr\u017eavanja aktivnosti kojima OSS Bu\u0161evec doprinosi promociji i o\u010duvanju zajednice i kulturnog naslije\u0111a.<\/p>\n\n\n\n<figure class=\"wp-block-image size-large\"><img loading=\"lazy\" decoding=\"async\" width=\"640\" height=\"427\" src=\"https:\/\/oss-busevec.hr\/wp-content\/uploads\/2021\/01\/IMG_5562-scaled-1-640x427.jpg\" alt=\"\" class=\"wp-image-23499\" srcset=\"https:\/\/oss-busevec.hr\/wp-content\/uploads\/2021\/01\/IMG_5562-scaled-1-640x427.jpg 640w, https:\/\/oss-busevec.hr\/wp-content\/uploads\/2021\/01\/IMG_5562-scaled-1-300x200.jpg 300w, https:\/\/oss-busevec.hr\/wp-content\/uploads\/2021\/01\/IMG_5562-scaled-1-768x512.jpg 768w, https:\/\/oss-busevec.hr\/wp-content\/uploads\/2021\/01\/IMG_5562-scaled-1-1536x1024.jpg 1536w, https:\/\/oss-busevec.hr\/wp-content\/uploads\/2021\/01\/IMG_5562-scaled-1-2048x1366.jpg 2048w\" sizes=\"auto, (max-width: 640px) 100vw, 640px\" \/><\/figure>\n","protected":false},"excerpt":{"rendered":"<p>Projekt Bu\u0161 Eko?!, punim nazivom \u201eEnergetski, kulturni i odr\u017eivi razvoj Bu\u0161evca \u2013 ulaganje u programe i infrastrukturu lokalne zajednice\u201c financiran je iz sredstava Europskog socijalnog fonda, ukupne vrijednosti 1.995.864,96 kuna. Projekt se provodi dvije godine, a provedba projekta je zapo\u010dela u svibnju 2020. godine. Cilj \u201eBu\u0161 Eko?!\u201c projekta je energetski obnoviti dru\u0161tveni dom u Bu\u0161evcu,<\/p>\n","protected":false},"author":3,"featured_media":0,"parent":0,"menu_order":0,"comment_status":"closed","ping_status":"closed","template":"","meta":{"_acf_changed":false,"_monsterinsights_skip_tracking":false,"_monsterinsights_sitenote_active":false,"_monsterinsights_sitenote_note":"","_monsterinsights_sitenote_category":0,"footnotes":""},"class_list":["post-23492","page","type-page","status-publish","hentry"],"acf":[],"_links":{"self":[{"href":"https:\/\/oss-busevec.hr\/en\/wp-json\/wp\/v2\/pages\/23492","targetHints":{"allow":["GET"]}}],"collection":[{"href":"https:\/\/oss-busevec.hr\/en\/wp-json\/wp\/v2\/pages"}],"about":[{"href":"https:\/\/oss-busevec.hr\/en\/wp-json\/wp\/v2\/types\/page"}],"author":[{"embeddable":true,"href":"https:\/\/oss-busevec.hr\/en\/wp-json\/wp\/v2\/users\/3"}],"replies":[{"embeddable":true,"href":"https:\/\/oss-busevec.hr\/en\/wp-json\/wp\/v2\/comments?post=23492"}],"version-history":[{"count":3,"href":"https:\/\/oss-busevec.hr\/en\/wp-json\/wp\/v2\/pages\/23492\/revisions"}],"predecessor-version":[{"id":23500,"href":"https:\/\/oss-busevec.hr\/en\/wp-json\/wp\/v2\/pages\/23492\/revisions\/23500"}],"wp:attachment":[{"href":"https:\/\/oss-busevec.hr\/en\/wp-json\/wp\/v2\/media?parent=23492"}],"curies":[{"name":"wp","href":"https:\/\/api.w.org\/{rel}","templated":true}]}}