{"id":23556,"date":"2021-04-09T17:50:16","date_gmt":"2021-04-09T15:50:16","guid":{"rendered":"http:\/\/oss-busevec.hr\/?page_id=23556"},"modified":"2021-04-09T17:51:52","modified_gmt":"2021-04-09T15:51:52","slug":"blagajnicko-izvjesce-2020-godine","status":"publish","type":"page","link":"https:\/\/oss-busevec.hr\/en\/blagajnicko-izvjesce-2020-godine\/","title":{"rendered":"BLAGAJNI\u010cKO IZVJE\u0160\u0106E 2020.godine"},"content":{"rendered":"\n<div class=\"wp-block-file\"><a href=\"http:\/\/oss-busevec.hr\/wp-content\/uploads\/2021\/04\/BLAGAJNICKO-IZVJESCE-2020..pdf\">BLAGAJNI\u010cKO IZVJE\u0160\u0106E 2020.<\/a><a href=\"http:\/\/oss-busevec.hr\/wp-content\/uploads\/2021\/04\/BLAGAJNICKO-IZVJESCE-2020..pdf\" class=\"wp-block-file__button\" download><\/a><\/div>\n\n\n\n<p><\/p>\n","protected":false},"excerpt":{"rendered":"","protected":false},"author":3,"featured_media":0,"parent":0,"menu_order":0,"comment_status":"closed","ping_status":"closed","template":"","meta":{"_acf_changed":false,"_monsterinsights_skip_tracking":false,"_monsterinsights_sitenote_active":false,"_monsterinsights_sitenote_note":"","_monsterinsights_sitenote_category":0,"footnotes":""},"class_list":["post-23556","page","type-page","status-publish","hentry"],"acf":[],"_links":{"self":[{"href":"https:\/\/oss-busevec.hr\/en\/wp-json\/wp\/v2\/pages\/23556","targetHints":{"allow":["GET"]}}],"collection":[{"href":"https:\/\/oss-busevec.hr\/en\/wp-json\/wp\/v2\/pages"}],"about":[{"href":"https:\/\/oss-busevec.hr\/en\/wp-json\/wp\/v2\/types\/page"}],"author":[{"embeddable":true,"href":"https:\/\/oss-busevec.hr\/en\/wp-json\/wp\/v2\/users\/3"}],"replies":[{"embeddable":true,"href":"https:\/\/oss-busevec.hr\/en\/wp-json\/wp\/v2\/comments?post=23556"}],"version-history":[{"count":2,"href":"https:\/\/oss-busevec.hr\/en\/wp-json\/wp\/v2\/pages\/23556\/revisions"}],"predecessor-version":[{"id":23560,"href":"https:\/\/oss-busevec.hr\/en\/wp-json\/wp\/v2\/pages\/23556\/revisions\/23560"}],"wp:attachment":[{"href":"https:\/\/oss-busevec.hr\/en\/wp-json\/wp\/v2\/media?parent=23556"}],"curies":[{"name":"wp","href":"https:\/\/api.w.org\/{rel}","templated":true}]}}