{"id":25720,"date":"2022-02-16T17:53:14","date_gmt":"2022-02-16T15:53:14","guid":{"rendered":"http:\/\/oss-busevec.hr\/?page_id=25720"},"modified":"2022-05-11T15:07:01","modified_gmt":"2022-05-11T13:07:01","slug":"strucni-odbor1","status":"publish","type":"page","link":"https:\/\/oss-busevec.hr\/en\/strucni-odbor1\/","title":{"rendered":"STRU\u010cNI ODBOR"},"content":{"rendered":"\n<div class=\"wp-block-media-text alignwide is-stacked-on-mobile\" style=\"grid-template-columns:19% auto\"><figure class=\"wp-block-media-text__media\"><img loading=\"lazy\" decoding=\"async\" width=\"100\" height=\"150\" src=\"https:\/\/oss-busevec.hr\/wp-content\/uploads\/2022\/02\/Mojomir_Golemac-100x150-2.jpg\" alt=\"\" class=\"wp-image-25745\"\/><\/figure><div class=\"wp-block-media-text__content\">\n<p><strong>MOJMIR GOLEMAC<\/strong><br><code>Mentor i voditelj odraslih plesnih grupa<\/code><\/p>\n\n\n\n<p>Telefon: +385 (1)3732 674<br>Mobitel: +385 (98)9779 701<br>Adresa: Zubove\u010dka 21, 10000 Zagreb<br><code>E-mail:&nbsp;mojmir.golemac@oss-busevec.hr<\/code><\/p>\n<\/div><\/div>\n\n\n\n<p><\/p>\n\n\n\n<div class=\"wp-block-media-text alignwide is-stacked-on-mobile\" style=\"grid-template-columns:19% auto\"><figure class=\"wp-block-media-text__media\"><img loading=\"lazy\" decoding=\"async\" width=\"100\" height=\"150\" src=\"https:\/\/oss-busevec.hr\/wp-content\/uploads\/2022\/02\/Drazen_Kurilovcan-100x150-1.jpg\" alt=\"\" class=\"wp-image-25749\"\/><\/figure><div class=\"wp-block-media-text__content\">\n<p><strong>DRA\u017dEN KURILOV\u010cAN<\/strong><br><code>voditelj vokalnih grupa<\/code><\/p>\n\n\n\n<p>Telefon: +385 (1)6213 021<br>Mobitel: +385 (99)375 9781<br>Adresa: Mladena Kerstnera 32, 10410 Velika Gorica<br><code>E-mail:&nbsp;kurilovcand@gmail.co<\/code>m<\/p>\n<\/div><\/div>\n\n\n\n<p><\/p>\n\n\n\n<div class=\"wp-block-media-text alignwide is-stacked-on-mobile\" style=\"grid-template-columns:19% auto\"><figure class=\"wp-block-media-text__media\"><img loading=\"lazy\" decoding=\"async\" width=\"100\" height=\"150\" src=\"https:\/\/oss-busevec.hr\/wp-content\/uploads\/2022\/02\/Zoran_Jakunic-300x300-1.jpg\" alt=\"\" class=\"wp-image-25753\"\/><\/figure><div class=\"wp-block-media-text__content\">\n<p><code><strong>ZORAN JAKUNI\u0106<\/strong><br>Voditelj tambura\u0161kih grupa<\/code><\/p>\n\n\n\n<p>Telefon: +385 ()<br>Mobitel: +385 (91)5923 414<br>Adresa: Bolni\u010dka 34, 10090 Zagreb<br><code>E-mail:&nbsp;zoran.jakunic@oss-busevec.hr<\/code><\/p>\n<\/div><\/div>\n\n\n\n<p><\/p>\n\n\n\n<div class=\"wp-block-media-text alignwide is-stacked-on-mobile\" style=\"grid-template-columns:19% auto\"><figure class=\"wp-block-media-text__media\"><img loading=\"lazy\" decoding=\"async\" width=\"100\" height=\"150\" src=\"https:\/\/oss-busevec.hr\/wp-content\/uploads\/2022\/05\/valentina-prava-slika-mala.png\" alt=\"\" class=\"wp-image-26743\"\/><\/figure><div class=\"wp-block-media-text__content\">\n<p><strong>VALENTINA \u0160EPAK-MOLNAR<\/strong><br><code>Voditelj plesne A grupe&nbsp; &nbsp; &nbsp; &nbsp; &nbsp; &nbsp; &nbsp; &nbsp; &nbsp; &nbsp; &nbsp; &nbsp; &nbsp;<\/code><\/p>\n\n\n\n<p>Telefon: \u2013<br>Mobitel: +385 (98)785 118<br>Adresa: Milana Nova\u010di\u0107a 146, 43240 \u010cazma<br><code>E-mail:<\/code><\/p>\n<\/div><\/div>\n\n\n\n<p><\/p>\n\n\n\n<div class=\"wp-block-media-text alignwide is-stacked-on-mobile\" style=\"grid-template-columns:19% auto\"><figure class=\"wp-block-media-text__media\"><img loading=\"lazy\" decoding=\"async\" width=\"100\" height=\"150\" src=\"https:\/\/oss-busevec.hr\/wp-content\/uploads\/2022\/02\/Maja_Kovacevic-300x300-1.jpg\" alt=\"\" class=\"wp-image-25758\"\/><\/figure><div class=\"wp-block-media-text__content\">\n<p><code><strong>MAJA KOVA\u010cEVI\u0106-\u0160UBI\u0106<\/strong><br>Voditelj plesnih pomladaka<\/code><\/p>\n\n\n\n<p>Telefon: +385 (1)6255 094<br>Mobitel: +385 (98)9131 988<br>Adresa: 44250 Petrinja<br><code>E-mail:&nbsp;maja.kovacevic@oss-busevec.hr<\/code><br><\/p>\n<\/div><\/div>\n\n\n\n<p><\/p>\n\n\n\n<div class=\"wp-block-media-text alignwide is-stacked-on-mobile\" style=\"grid-template-columns:19% auto\"><figure class=\"wp-block-media-text__media\"><img loading=\"lazy\" decoding=\"async\" width=\"100\" height=\"150\" src=\"https:\/\/oss-busevec.hr\/wp-content\/uploads\/2022\/02\/Petra_Medved-300x300-1.jpg\" alt=\"\" class=\"wp-image-25762\"\/><\/figure><div class=\"wp-block-media-text__content\">\n<p><code><strong>PETRA KOVA\u010cEVI\u0106<\/strong><br>Voditelj plesnih pomladaka<\/code><\/p>\n\n\n\n<p>Telefon:<br>Mobitel: +385 (99)5122 112<br>Adresa: Sisa\u010dka 96, 10417 Bu\u0161evec<br><code>E-mail:&nbsp;petra.medved@oss-busevec.hr<\/code><\/p>\n<\/div><\/div>\n\n\n\n<p><\/p>\n\n\n\n<div class=\"wp-block-media-text alignwide is-stacked-on-mobile\" style=\"grid-template-columns:19% auto\"><figure class=\"wp-block-media-text__media\"><img loading=\"lazy\" decoding=\"async\" width=\"100\" height=\"150\" src=\"https:\/\/oss-busevec.hr\/wp-content\/uploads\/2022\/02\/kristina-janjc-100X150.jpg\" alt=\"\" class=\"wp-image-25774\"\/><\/figure><div class=\"wp-block-media-text__content\">\n<p><strong>KRISTINA JANJI\u0106<\/strong><br><code>Voditelj dje\u010djih grupa &nbsp; &nbsp; &nbsp;<\/code><\/p>\n\n\n\n<p>Telefon: \u2013<br>Mobitel: +385 (99)5730899<br>Adresa: Dolenec 32, 10417 Bu\u0161evec<br><code>E-mail:<\/code><a rel=\"noreferrer noopener\" href=\"mailto:kika.janjic1998@gmail.com\" target=\"_blank\">kika.janjic1998@gmail.com<\/a><\/p>\n<\/div><\/div>\n\n\n\n<p><\/p>\n\n\n\n<div class=\"wp-block-media-text alignwide is-stacked-on-mobile\" style=\"grid-template-columns:19% auto\"><figure class=\"wp-block-media-text__media\"><img loading=\"lazy\" decoding=\"async\" width=\"100\" height=\"150\" src=\"https:\/\/oss-busevec.hr\/wp-content\/uploads\/2022\/02\/ivan_rozic_nikolin.jpg\" alt=\"\" class=\"wp-image-25777\"\/><\/figure><div class=\"wp-block-media-text__content\">\n<p><strong>IVAN RO\u017dI\u0106<\/strong><br>Re\u017eiser<\/p>\n\n\n\n<p>Telefon: +385 (1)6255 057<br>Mobitel: +385 ()<br>Adresa: Zagreba\u010dka 3, 10417 Bu\u0161evec<br>E-mail: ivan.rozic@oss-busevec.hr<\/p>\n<\/div><\/div>\n\n\n\n<p><\/p>\n\n\n\n<div class=\"wp-block-media-text alignwide is-stacked-on-mobile\" style=\"grid-template-columns:19% auto\"><figure class=\"wp-block-media-text__media\"><img loading=\"lazy\" decoding=\"async\" width=\"100\" height=\"150\" src=\"https:\/\/oss-busevec.hr\/wp-content\/uploads\/2022\/02\/mirjana_bedek.jpg\" alt=\"\" class=\"wp-image-25780\"\/><\/figure><div class=\"wp-block-media-text__content\">\n<p><strong>MIRJANA BEDEK<\/strong><br>Garderobijerka<br><\/p>\n\n\n\n<p>Telefon: +385 (1)6230 431<br>Mobitel: +385 (91)5985 560<br>Adresa: Stara cesta 66, 10410 Vukovina<br>E-mail: mirjana.bedek@oss-busevec.hr<\/p>\n<\/div><\/div>\n\n\n\n<p><\/p>\n\n\n\n<div class=\"wp-block-media-text alignwide is-stacked-on-mobile\" style=\"grid-template-columns:19% auto\"><figure class=\"wp-block-media-text__media\"><img loading=\"lazy\" decoding=\"async\" width=\"100\" height=\"150\" src=\"https:\/\/oss-busevec.hr\/wp-content\/uploads\/2022\/02\/Karmela_Kos-150x150-1.jpg\" alt=\"\" class=\"wp-image-25782\"\/><\/figure><div class=\"wp-block-media-text__content\">\n<p><strong>KARMELA KOS<\/strong><br>Garderobijerka<\/p>\n\n\n\n<p>Telefon: \u2013<br>Mobitel: +385 (98)582 076<br>Adresa: Dolenec 32, 10417 Bu\u0161evec<br>Email: karmela.kos@oss-busevec.hr<\/p>\n<\/div><\/div>\n","protected":false},"excerpt":{"rendered":"<p>MOJMIR GOLEMACMentor i voditelj odraslih plesnih grupa Telefon: +385 (1)3732 674Mobitel: +385 (98)9779 701Adresa: Zubove\u010dka 21, 10000 ZagrebE-mail:&nbsp;mojmir.golemac@oss-busevec.hr DRA\u017dEN KURILOV\u010cANvoditelj vokalnih grupa Telefon: +385 (1)6213 021Mobitel: +385 (99)375 9781Adresa: Mladena Kerstnera 32, 10410 Velika GoricaE-mail:&nbsp;kurilovcand@gmail.com ZORAN JAKUNI\u0106Voditelj tambura\u0161kih grupa Telefon: +385 ()Mobitel: +385 (91)5923 414Adresa: Bolni\u010dka 34, 10090 ZagrebE-mail:&nbsp;zoran.jakunic@oss-busevec.hr VALENTINA \u0160EPAK-MOLNARVoditelj plesne A grupe&nbsp; &nbsp;<\/p>\n","protected":false},"author":3,"featured_media":0,"parent":0,"menu_order":0,"comment_status":"closed","ping_status":"closed","template":"","meta":{"_acf_changed":false,"_monsterinsights_skip_tracking":false,"_monsterinsights_sitenote_active":false,"_monsterinsights_sitenote_note":"","_monsterinsights_sitenote_category":0,"footnotes":""},"class_list":["post-25720","page","type-page","status-publish","hentry"],"acf":[],"_links":{"self":[{"href":"https:\/\/oss-busevec.hr\/en\/wp-json\/wp\/v2\/pages\/25720","targetHints":{"allow":["GET"]}}],"collection":[{"href":"https:\/\/oss-busevec.hr\/en\/wp-json\/wp\/v2\/pages"}],"about":[{"href":"https:\/\/oss-busevec.hr\/en\/wp-json\/wp\/v2\/types\/page"}],"author":[{"embeddable":true,"href":"https:\/\/oss-busevec.hr\/en\/wp-json\/wp\/v2\/users\/3"}],"replies":[{"embeddable":true,"href":"https:\/\/oss-busevec.hr\/en\/wp-json\/wp\/v2\/comments?post=25720"}],"version-history":[{"count":40,"href":"https:\/\/oss-busevec.hr\/en\/wp-json\/wp\/v2\/pages\/25720\/revisions"}],"predecessor-version":[{"id":26748,"href":"https:\/\/oss-busevec.hr\/en\/wp-json\/wp\/v2\/pages\/25720\/revisions\/26748"}],"wp:attachment":[{"href":"https:\/\/oss-busevec.hr\/en\/wp-json\/wp\/v2\/media?parent=25720"}],"curies":[{"name":"wp","href":"https:\/\/api.w.org\/{rel}","templated":true}]}}