{"id":25885,"date":"2022-02-28T12:24:02","date_gmt":"2022-02-28T10:24:02","guid":{"rendered":"http:\/\/oss-busevec.hr\/?page_id=25885"},"modified":"2022-07-04T13:24:13","modified_gmt":"2022-07-04T11:24:13","slug":"portali","status":"publish","type":"page","link":"https:\/\/oss-busevec.hr\/en\/portali\/","title":{"rendered":"PORTALI"},"content":{"rendered":"\n<h2 class=\"wp-block-heading\"><a href=\"https:\/\/oss-busevec.hr\/pobjeda-na-zupanijskoj-smotri-koreografiranog-folklora-26-06-2022\/\">Pobjeda na \u017dupanijskoj smotri koreografiranog folklora (26.06.2022.)<\/a><\/h2>\n\n\n\n<h2 class=\"wp-block-heading\"><a href=\"https:\/\/oss-busevec.hr\/zavrsna-konferencija-projekta-bus-eko-2\/\">Zavr\u0161na konferencija projekta Bu\u0161 Eko?!<\/a><\/h2>\n\n\n\n<h2 class=\"wp-block-heading\"><a href=\"https:\/\/oss-busevec.hr\/zbirka-pjesama-turopolje-plemenito-2\/\">Zbirka pjesama &#8220;Turopolje plemenito&#8221; (06.05.2022.)<\/a><\/h2>\n\n\n\n<h2 class=\"wp-block-heading\"><a href=\"https:\/\/oss-busevec.hr\/gradska-smotra-foklora-2022-g-oss-busevec-i-kud-gradici-najbolji\/\">Gradska smotra foklora 2022.g.: OSS Bu\u0161evec i KUD Gradi\u0107i najbolji<\/a><\/h2>\n\n\n\n<h2 class=\"wp-block-heading\"><a rel=\"noreferrer noopener\" href=\"https:\/\/oss-busevec.hr\/bozicni-koncert-u-crkvi-sv-kvirina-u-sisku-06-01-2022\/\" target=\"_blank\"><strong><em>Bo\u017ei\u0107ni koncert u crkvi sv. Kvirina u Sisku (06.01.2022.)<\/em><\/strong><\/a><\/h2>\n\n\n\n<h2 class=\"wp-block-heading\"><strong><em><a href=\"https:\/\/oss-busevec.hr\/u-busevcu-izraslo-solarno-stablo-jos-jedan-korak-ka-energetskom-osamostaljenju-naselja-vgdanas-23-12-2021\/\">Solarno stablo &#8220;izraslo&#8221; u Bu\u0161evcu (23.12.2021.)<\/a><\/em><\/strong><\/h2>\n\n\n\n<h2 class=\"wp-block-heading\"><strong><em><a href=\"https:\/\/oss-busevec.hr\/ponos-zagrebacke-zupanije-2021-godine\/\" target=\"_blank\" rel=\"noreferrer noopener\">Ponos Zagreba\u010dke \u017dupanije (16.12.2021.)<\/a><\/em><\/strong><\/h2>\n\n\n\n<h2 class=\"wp-block-heading\"><a rel=\"noreferrer noopener\" href=\"https:\/\/oss-busevec.hr\/oss-busevec-uz-rotary-klub-vg-domacin-u-lovu-na-turopoljski-tartuf\/\" target=\"_blank\"><strong><em>Oss Bu\u0161evec uz Rotary club VG doma\u0107in u lovu na turopoljski tartuf (26.09.2021.)<\/em><\/strong><\/a><\/h2>\n\n\n\n<h2 class=\"wp-block-heading\"><strong><em><a href=\"https:\/\/oss-busevec.hr\/velika-proslava-za-punih-100-g-ogranka-seljacke-sloge-busevec-12-09-2021\/\" target=\"_blank\" rel=\"noreferrer noopener\">Velika proslava za punih 100 g. Ogranka Selja\u010dke sloge Bu\u0161evec<\/a><\/em><\/strong><\/h2>\n\n\n\n<h2 class=\"wp-block-heading\"><strong><em><a href=\"https:\/\/oss-busevec.hr\/oss-busevec-100-g-odgaja-generacije\/\" target=\"_blank\" rel=\"noreferrer noopener\">OSS Bu\u0161evec 100 g. odgaja generacije (12.09.2021.)<\/a><\/em><\/strong><\/h2>\n\n\n\n<h2 class=\"wp-block-heading\"><em><strong><a href=\"https:\/\/oss-busevec.hr\/oss-busevec-predstavnik-rh-na-folkloriadi-2021-g-u-ufi-russia\/\">OSS Bu\u0161evec na Folklorijadi u Ufi, Rusija<\/a><a href=\"https:\/\/oss-busevec.hr\/oss-busevec-predstavnik-rh-na-folkloriadi-2021-g-u-ufi-russia\/\" target=\"_blank\" rel=\"noreferrer noopener\"> <\/a><a href=\"https:\/\/oss-busevec.hr\/oss-busevec-predstavnik-rh-na-folkloriadi-2021-g-u-ufi-russia\/\">(17.07.2021.)<\/a><\/strong><\/em><\/h2>\n\n\n\n<h2 class=\"wp-block-heading\"><strong><em><a href=\"https:\/\/oss-busevec.hr\/hrvatski-folklorasi-odusevili-na-olimpijadi-u-rusiji-09-07-2021\/\" target=\"_blank\" rel=\"noreferrer noopener\">Hrvatski folklora\u0161i odu\u0161evili na olimpijadi u Rusiji (09.07.2021.)<\/a><\/em><\/strong><\/h2>\n\n\n\n<h2 class=\"wp-block-heading\"><a rel=\"noreferrer noopener\" href=\"https:\/\/oss-busevec.hr\/100-let-ogranka-seljacke-sloge-busevec-21-12-2020-cityportal-hr\/\" target=\"_blank\"><strong><em>100 let Ogranka Selja\u010dka sloge Bu\u0161evec (21.12.2020.)<\/em><\/strong><\/a><\/h2>\n\n\n\n<h2 class=\"wp-block-heading\"><a href=\"https:\/\/oss-busevec.hr\/revija-rekonstruiranih-nosnji\/\" target=\"_blank\" rel=\"noreferrer noopener\"><strong>Oss Bu\u0161evec osvojio prvo mjesto na reviji rekonstruiranih no\u0161nji \u201dObnavljamo ba\u0161tinu&#8221; (22.12.2020.)<\/strong><\/a><\/h2>\n\n\n\n<h2 class=\"wp-block-heading\">Turopoljsko srce srcu Zadra (10.-11.12.2016.)<\/h2>\n\n\n\n<p class=\"has-text-align-center\"><a href=\"https:\/\/oss-busevec.hr\/zadarski-list-10-11-12-2016\/\"><em><strong>Zadarski list (10.-11.12.2016.)<\/strong><\/em><\/a><\/p>\n\n\n\n<h2 class=\"wp-block-heading\"><a href=\"https:\/\/oss-busevec.hr\/noc-kazalista-u-busevcu-21-11-2016\/\" target=\"_blank\" rel=\"noreferrer noopener\"><em><strong>No\u0107 kazali\u0161ta u Bu\u0161evcu (21.11.2016.)<\/strong><\/em><\/a><\/h2>\n","protected":false},"excerpt":{"rendered":"<p>Pobjeda na \u017dupanijskoj smotri koreografiranog folklora (26.06.2022.) Zavr\u0161na konferencija projekta Bu\u0161 Eko?! Zbirka pjesama &#8220;Turopolje plemenito&#8221; (06.05.2022.) Gradska smotra foklora 2022.g.: OSS Bu\u0161evec i KUD Gradi\u0107i najbolji Bo\u017ei\u0107ni koncert u crkvi sv. Kvirina u Sisku (06.01.2022.) Solarno stablo &#8220;izraslo&#8221; u Bu\u0161evcu (23.12.2021.) Ponos Zagreba\u010dke \u017dupanije (16.12.2021.) Oss Bu\u0161evec uz Rotary club VG doma\u0107in u lovu<\/p>\n","protected":false},"author":3,"featured_media":0,"parent":0,"menu_order":0,"comment_status":"closed","ping_status":"closed","template":"","meta":{"_acf_changed":false,"_monsterinsights_skip_tracking":false,"_monsterinsights_sitenote_active":false,"_monsterinsights_sitenote_note":"","_monsterinsights_sitenote_category":0,"footnotes":""},"class_list":["post-25885","page","type-page","status-publish","hentry"],"acf":[],"_links":{"self":[{"href":"https:\/\/oss-busevec.hr\/en\/wp-json\/wp\/v2\/pages\/25885","targetHints":{"allow":["GET"]}}],"collection":[{"href":"https:\/\/oss-busevec.hr\/en\/wp-json\/wp\/v2\/pages"}],"about":[{"href":"https:\/\/oss-busevec.hr\/en\/wp-json\/wp\/v2\/types\/page"}],"author":[{"embeddable":true,"href":"https:\/\/oss-busevec.hr\/en\/wp-json\/wp\/v2\/users\/3"}],"replies":[{"embeddable":true,"href":"https:\/\/oss-busevec.hr\/en\/wp-json\/wp\/v2\/comments?post=25885"}],"version-history":[{"count":15,"href":"https:\/\/oss-busevec.hr\/en\/wp-json\/wp\/v2\/pages\/25885\/revisions"}],"predecessor-version":[{"id":27076,"href":"https:\/\/oss-busevec.hr\/en\/wp-json\/wp\/v2\/pages\/25885\/revisions\/27076"}],"wp:attachment":[{"href":"https:\/\/oss-busevec.hr\/en\/wp-json\/wp\/v2\/media?parent=25885"}],"curies":[{"name":"wp","href":"https:\/\/api.w.org\/{rel}","templated":true}]}}