{"id":25887,"date":"2022-02-28T12:24:21","date_gmt":"2022-02-28T10:24:21","guid":{"rendered":"http:\/\/oss-busevec.hr\/?page_id=25887"},"modified":"2022-03-13T19:27:06","modified_gmt":"2022-03-13T17:27:06","slug":"tisak","status":"publish","type":"page","link":"https:\/\/oss-busevec.hr\/en\/tisak\/","title":{"rendered":"TISAK"},"content":{"rendered":"\n<h2 class=\"wp-block-heading\"><a href=\"https:\/\/oss-busevec.hr\/busevec-najsigurnije-mjesto-u-hrvatskoj\/\" target=\"_blank\" rel=\"noreferrer noopener\"><em>Bu\u0161evec, najsigurnije mjesto u Hrvatskoj<\/em> (06.03.2022.)<\/a><\/h2>\n\n\n\n<h2 class=\"wp-block-heading\"><strong><em><a rel=\"noreferrer noopener\" href=\"https:\/\/oss-busevec.hr\/busevcani-u-rusiji-29-07-2021\/\" target=\"_blank\">Bu\u0161ev\u010dani u Rusiji (29.07.2021.)<\/a><\/em><\/strong><\/h2>\n\n\n\n<p><\/p>\n","protected":false},"excerpt":{"rendered":"<p>Bu\u0161evec, najsigurnije mjesto u Hrvatskoj (06.03.2022.) Bu\u0161ev\u010dani u Rusiji (29.07.2021.)<\/p>\n","protected":false},"author":3,"featured_media":0,"parent":0,"menu_order":0,"comment_status":"closed","ping_status":"closed","template":"","meta":{"_acf_changed":false,"_monsterinsights_skip_tracking":false,"_monsterinsights_sitenote_active":false,"_monsterinsights_sitenote_note":"","_monsterinsights_sitenote_category":0,"footnotes":""},"class_list":["post-25887","page","type-page","status-publish","hentry"],"acf":[],"_links":{"self":[{"href":"https:\/\/oss-busevec.hr\/en\/wp-json\/wp\/v2\/pages\/25887","targetHints":{"allow":["GET"]}}],"collection":[{"href":"https:\/\/oss-busevec.hr\/en\/wp-json\/wp\/v2\/pages"}],"about":[{"href":"https:\/\/oss-busevec.hr\/en\/wp-json\/wp\/v2\/types\/page"}],"author":[{"embeddable":true,"href":"https:\/\/oss-busevec.hr\/en\/wp-json\/wp\/v2\/users\/3"}],"replies":[{"embeddable":true,"href":"https:\/\/oss-busevec.hr\/en\/wp-json\/wp\/v2\/comments?post=25887"}],"version-history":[{"count":3,"href":"https:\/\/oss-busevec.hr\/en\/wp-json\/wp\/v2\/pages\/25887\/revisions"}],"predecessor-version":[{"id":25939,"href":"https:\/\/oss-busevec.hr\/en\/wp-json\/wp\/v2\/pages\/25887\/revisions\/25939"}],"wp:attachment":[{"href":"https:\/\/oss-busevec.hr\/en\/wp-json\/wp\/v2\/media?parent=25887"}],"curies":[{"name":"wp","href":"https:\/\/api.w.org\/{rel}","templated":true}]}}