{"id":25918,"date":"2022-02-28T13:34:46","date_gmt":"2022-02-28T11:34:46","guid":{"rendered":"http:\/\/oss-busevec.hr\/?page_id=25918"},"modified":"2022-02-28T13:34:48","modified_gmt":"2022-02-28T11:34:48","slug":"noc-kazalista-u-busevcu-21-11-2016","status":"publish","type":"page","link":"https:\/\/oss-busevec.hr\/en\/noc-kazalista-u-busevcu-21-11-2016\/","title":{"rendered":"No\u0107 kazali\u0161ta u Bu\u0161evcu (21.11.2016.)"},"content":{"rendered":"<div class=\"_3d-flip-book  fb3d-fullscreen-mode full-size\" data-id=\"0\" data-mode=\"fullscreen\" data-title=\"false\" data-template=\"short-white-book-view\" data-lightbox=\"dark-shadow\" data-urlparam=\"fb3d-page\" data-page-n=\"0\" data-pdf=\"http:\/\/oss-busevec.hr\/wp-content\/uploads\/2022\/02\/noc-kazalista-u-busevcu-2016.pdf\" data-tax=\"null\" data-thumbnail=\"\" data-cols=\"3\" data-book-template=\"default\" data-trigger=\"\"><\/div>\n","protected":false},"excerpt":{"rendered":"","protected":false},"author":3,"featured_media":0,"parent":0,"menu_order":0,"comment_status":"closed","ping_status":"closed","template":"","meta":{"_acf_changed":false,"_monsterinsights_skip_tracking":false,"_monsterinsights_sitenote_active":false,"_monsterinsights_sitenote_note":"","_monsterinsights_sitenote_category":0,"footnotes":""},"class_list":["post-25918","page","type-page","status-publish","hentry"],"acf":[],"_links":{"self":[{"href":"https:\/\/oss-busevec.hr\/en\/wp-json\/wp\/v2\/pages\/25918","targetHints":{"allow":["GET"]}}],"collection":[{"href":"https:\/\/oss-busevec.hr\/en\/wp-json\/wp\/v2\/pages"}],"about":[{"href":"https:\/\/oss-busevec.hr\/en\/wp-json\/wp\/v2\/types\/page"}],"author":[{"embeddable":true,"href":"https:\/\/oss-busevec.hr\/en\/wp-json\/wp\/v2\/users\/3"}],"replies":[{"embeddable":true,"href":"https:\/\/oss-busevec.hr\/en\/wp-json\/wp\/v2\/comments?post=25918"}],"version-history":[{"count":1,"href":"https:\/\/oss-busevec.hr\/en\/wp-json\/wp\/v2\/pages\/25918\/revisions"}],"predecessor-version":[{"id":25919,"href":"https:\/\/oss-busevec.hr\/en\/wp-json\/wp\/v2\/pages\/25918\/revisions\/25919"}],"wp:attachment":[{"href":"https:\/\/oss-busevec.hr\/en\/wp-json\/wp\/v2\/media?parent=25918"}],"curies":[{"name":"wp","href":"https:\/\/api.w.org\/{rel}","templated":true}]}}