{"id":26302,"date":"2022-04-06T13:33:30","date_gmt":"2022-04-06T11:33:30","guid":{"rendered":"http:\/\/oss-busevec.hr\/?page_id=26302"},"modified":"2022-04-06T13:54:52","modified_gmt":"2022-04-06T11:54:52","slug":"anketa-bus-eko","status":"publish","type":"page","link":"https:\/\/oss-busevec.hr\/en\/anketa-bus-eko\/","title":{"rendered":"ANKETA Bu\u0161 eko?!"},"content":{"rendered":"\n<p><strong>ODR\u017dANA PREZENTACIJA ANKETE<\/strong><\/p>\n\n\n\n<p><strong>Energetske potrebe, stavovi i uklju\u010denost gra\u0111ana<br>u aktivnosti lokalne zajednice naselja Bu\u0161evec<\/strong><\/p>\n\n\n\n<p>U Domu kulture Bu\u0161evec, 14.03.2022. u 18:00 sati, odr\u017eana je prezentacija ankete koju smo proveli kroz projekt Energetski, kulturni i odr\u017eivi razvoj Bu\u0161evca \u2013 ulaganje u programe i infrastrukturu lokalne zajednice (Bu\u0161 Eko?!) financiranog od strane EU iz Europskog socijalnog fonda i uz sufinanciranje Ureda za udruge Republike Hrvatske .<\/p>\n\n\n\n<p>Anketu su proveli volonteri Ogranka Selja\u010dke sloge  te im se ovim putem zahvaljujemo na ulo\u017eenom vremenu i trudu, te se nadamo da \u0107emo zajedni\u010dkim snagama u\u010diniti na\u0161e mjesto jo\u0161 ljep\u0161im i po\u017eeljnijim za \u017eivot.<\/p>\n\n\n\n<p>Kao zaklju\u010dak mo\u017eemo definirati da je svakako najoptimalnije kori\u0161tenje obnovljivih izvora energije, bilo kroz zajedni\u010dki centralni toplinski sustav ili pojedina\u010dno sa ugradnjom fotonaponskih elektrana i naravno uz obaveznu djelomi\u010dnu ili potpunu energetsku obnovu stambenih objekata.<\/p>\n\n\n\n<p>Kako smo i sami svjesni svakodnevnog poskupljenja energenata (el. Energije, drva, peleta, goriva\u2026) prelazak na OIE trenutno zna\u010di dodatna ulaganja ali dugoro\u010dno donosi zna\u010dajne u\u0161tede na potro\u0161nji i ovo je jedini pravi put ka energetski neovisnom naselju. Poduzmimo ne\u0161to danas, da na\u0161 dom u\u010dinimo boljim i zdravijim sutra!<\/p>\n\n\n\n<p>Cijelo izvje\u0161\u0107e o provedenoj anketi mo\u017eete vidjeti na slijede\u0107em  linku:<\/p>\n\n\n\n<p><\/p>\n\n\n\n<p><a href=\"http:\/\/oss-busevec.hr\/wp-content\/uploads\/2022\/04\/Izvjestaj_provedene-ankete-u-Busevcu_BUSEKO-1.pdf\">Izvje\u0161\u0107e provedene ankete<\/a><\/p>\n","protected":false},"excerpt":{"rendered":"<p>ODR\u017dANA PREZENTACIJA ANKETE Energetske potrebe, stavovi i uklju\u010denost gra\u0111anau aktivnosti lokalne zajednice naselja Bu\u0161evec U Domu kulture Bu\u0161evec, 14.03.2022. u 18:00 sati, odr\u017eana je prezentacija ankete koju smo proveli kroz projekt Energetski, kulturni i odr\u017eivi razvoj Bu\u0161evca \u2013 ulaganje u programe i infrastrukturu lokalne zajednice (Bu\u0161 Eko?!) financiranog od strane EU iz Europskog socijalnog fonda<\/p>\n","protected":false},"author":4,"featured_media":0,"parent":0,"menu_order":0,"comment_status":"closed","ping_status":"closed","template":"","meta":{"_acf_changed":false,"_monsterinsights_skip_tracking":false,"_monsterinsights_sitenote_active":false,"_monsterinsights_sitenote_note":"","_monsterinsights_sitenote_category":0,"footnotes":""},"class_list":["post-26302","page","type-page","status-publish","hentry"],"acf":[],"_links":{"self":[{"href":"https:\/\/oss-busevec.hr\/en\/wp-json\/wp\/v2\/pages\/26302","targetHints":{"allow":["GET"]}}],"collection":[{"href":"https:\/\/oss-busevec.hr\/en\/wp-json\/wp\/v2\/pages"}],"about":[{"href":"https:\/\/oss-busevec.hr\/en\/wp-json\/wp\/v2\/types\/page"}],"author":[{"embeddable":true,"href":"https:\/\/oss-busevec.hr\/en\/wp-json\/wp\/v2\/users\/4"}],"replies":[{"embeddable":true,"href":"https:\/\/oss-busevec.hr\/en\/wp-json\/wp\/v2\/comments?post=26302"}],"version-history":[{"count":5,"href":"https:\/\/oss-busevec.hr\/en\/wp-json\/wp\/v2\/pages\/26302\/revisions"}],"predecessor-version":[{"id":26311,"href":"https:\/\/oss-busevec.hr\/en\/wp-json\/wp\/v2\/pages\/26302\/revisions\/26311"}],"wp:attachment":[{"href":"https:\/\/oss-busevec.hr\/en\/wp-json\/wp\/v2\/media?parent=26302"}],"curies":[{"name":"wp","href":"https:\/\/api.w.org\/{rel}","templated":true}]}}