{"id":378,"date":"2015-03-14T07:00:52","date_gmt":"2015-03-14T07:00:52","guid":{"rendered":"http:\/\/busevec.demode.ca\/?page_id=378"},"modified":"2022-05-15T21:59:16","modified_gmt":"2022-05-15T19:59:16","slug":"nadzorni-odbor","status":"publish","type":"page","link":"https:\/\/oss-busevec.hr\/en\/nadzorni-odbor\/","title":{"rendered":"NADZORNI ODBOR 2"},"content":{"rendered":"<p><\/p>\n<p style=\"text-align: left;\"><strong><a href=\"\/wp-content\/uploads\/2015\/03\/Blank_Person.png\"><img loading=\"lazy\" decoding=\"async\" class=\"alignleft size-full wp-image-260\" src=\"\/wp-content\/uploads\/2015\/03\/Blank_Person.png\" alt=\"Blank_Person\" width=\"171\" height=\"171\" srcset=\"https:\/\/oss-busevec.hr\/wp-content\/uploads\/2015\/03\/Blank_Person.png 171w, https:\/\/oss-busevec.hr\/wp-content\/uploads\/2015\/03\/Blank_Person-100x100.png 100w, https:\/\/oss-busevec.hr\/wp-content\/uploads\/2015\/03\/Blank_Person-150x150.png 150w\" sizes=\"auto, (max-width: 171px) 100vw, 171px\" \/><\/a><\/strong><\/p>\n<p style=\"text-align: left;\"><strong>BLA\u017d BEDEK<br \/>\n<\/strong><\/p>\n<p style=\"text-align: left;\"><strong>Telefon:<\/strong> +385 (1)&nbsp;6230 437<br \/>\n<strong>Mobitel:<\/strong> +385 ()<br \/>\n<strong>Adresa:<\/strong>&nbsp;Stara cesta 52, Vukovina,&nbsp;10410 Velika Gorica<\/p>\n<p style=\"text-align: left;\"><strong>E-mail:<\/strong>&nbsp;blaz.bedek@oss-busevec.hr<\/p>\n<p><code><br \/>\n<\/code><br \/>\n<code><br \/>\n<\/code><\/p>\n<p style=\"text-align: left;\"><strong><a href=\"\/wp-content\/uploads\/2015\/03\/Blank_Person.png\"><img loading=\"lazy\" decoding=\"async\" class=\"alignleft size-full wp-image-260\" src=\"\/wp-content\/uploads\/2015\/03\/Blank_Person.png\" alt=\"Blank_Person\" width=\"171\" height=\"171\" srcset=\"https:\/\/oss-busevec.hr\/wp-content\/uploads\/2015\/03\/Blank_Person.png 171w, https:\/\/oss-busevec.hr\/wp-content\/uploads\/2015\/03\/Blank_Person-100x100.png 100w, https:\/\/oss-busevec.hr\/wp-content\/uploads\/2015\/03\/Blank_Person-150x150.png 150w\" sizes=\"auto, (max-width: 171px) 100vw, 171px\" \/><\/a><\/strong><\/p>\n<p style=\"text-align: left;\"><strong>STJEPAN DETELI\u0106<br \/>\n<\/strong><\/p>\n<p style=\"text-align: left;\"><strong>Telefon:<\/strong> +385 (1)&nbsp;6255 066<br \/>\n<strong>Mobitel:<\/strong> +385 (99) 5911 131<br \/>\n<strong>Adresa:<\/strong>&nbsp;Dolenec 33,&nbsp;10417 Bu\u0161evec<\/p>\n<p style=\"text-align: left;\"><strong>E-mail:<\/strong>&nbsp;stjepan.detelic@oss-busevec.hr<\/p>\n<p><code><br \/>\n<\/code><br \/>\n<code><br \/>\n<\/code><\/p>\n<p style=\"text-align: left;\"><strong><a href=\"\/wp-content\/uploads\/2015\/03\/Blank_Person.png\"><img loading=\"lazy\" decoding=\"async\" class=\"alignleft size-full wp-image-260\" src=\"https:\/\/oss-busevec.hr\/wp-content\/uploads\/2019\/07\/marija-robic-150x150.jpg\" alt=\"\" width=\"150\" height=\"150\"><\/a><\/strong><\/p>\n<p style=\"text-align: left;\"><strong>MARIJA ROBI\u0106<br \/>\n<\/strong><\/p>\n<p style=\"text-align: left;\"><strong>Telefon:<\/strong> +385 (1)&nbsp;6255 077<br \/>\n<strong>Mobitel:<\/strong> +385 (98)&nbsp;577 050<br \/>\n<strong>Adresa:<\/strong>&nbsp;Dolenec 23,&nbsp;10417 Bu\u0161evec<\/p>\n<p style=\"text-align: left;\"><strong>E-mail:<\/strong>&nbsp;marija.robic@oss-busevec.hr<\/p>\n<p>","protected":false},"excerpt":{"rendered":"<p>BLA\u017d BEDEK Telefon: +385 (1)&nbsp;6230 437 Mobitel: +385 () Adresa:&nbsp;Stara cesta 52, Vukovina,&nbsp;10410 Velika Gorica E-mail:&nbsp;blaz.bedek@oss-busevec.hr STJEPAN DETELI\u0106 Telefon: +385 (1)&nbsp;6255 066 Mobitel: +385 (99) 5911 131 Adresa:&nbsp;Dolenec 33,&nbsp;10417 Bu\u0161evec E-mail:&nbsp;stjepan.detelic@oss-busevec.hr MARIJA ROBI\u0106 Telefon: +385 (1)&nbsp;6255 077 Mobitel: +385 (98)&nbsp;577 050 Adresa:&nbsp;Dolenec 23,&nbsp;10417 Bu\u0161evec E-mail:&nbsp;marija.robic@oss-busevec.hr<\/p>\n","protected":false},"author":2,"featured_media":0,"parent":0,"menu_order":0,"comment_status":"open","ping_status":"open","template":"","meta":{"_acf_changed":false,"_monsterinsights_skip_tracking":false,"_monsterinsights_sitenote_active":false,"_monsterinsights_sitenote_note":"","_monsterinsights_sitenote_category":0,"footnotes":""},"class_list":["post-378","page","type-page","status-publish","hentry"],"acf":[],"_links":{"self":[{"href":"https:\/\/oss-busevec.hr\/en\/wp-json\/wp\/v2\/pages\/378","targetHints":{"allow":["GET"]}}],"collection":[{"href":"https:\/\/oss-busevec.hr\/en\/wp-json\/wp\/v2\/pages"}],"about":[{"href":"https:\/\/oss-busevec.hr\/en\/wp-json\/wp\/v2\/types\/page"}],"author":[{"embeddable":true,"href":"https:\/\/oss-busevec.hr\/en\/wp-json\/wp\/v2\/users\/2"}],"replies":[{"embeddable":true,"href":"https:\/\/oss-busevec.hr\/en\/wp-json\/wp\/v2\/comments?post=378"}],"version-history":[{"count":25,"href":"https:\/\/oss-busevec.hr\/en\/wp-json\/wp\/v2\/pages\/378\/revisions"}],"predecessor-version":[{"id":26805,"href":"https:\/\/oss-busevec.hr\/en\/wp-json\/wp\/v2\/pages\/378\/revisions\/26805"}],"wp:attachment":[{"href":"https:\/\/oss-busevec.hr\/en\/wp-json\/wp\/v2\/media?parent=378"}],"curies":[{"name":"wp","href":"https:\/\/api.w.org\/{rel}","templated":true}]}}