{"id":492,"date":"2015-03-14T08:56:06","date_gmt":"2015-03-14T08:56:06","guid":{"rendered":"http:\/\/busevec.demode.ca\/?page_id=492"},"modified":"2022-02-27T20:15:20","modified_gmt":"2022-02-27T18:15:20","slug":"predsjednici","status":"publish","type":"page","link":"https:\/\/oss-busevec.hr\/en\/predsjednici\/","title":{"rendered":"PRESIDENTS"},"content":{"rendered":"<p><\/p>\n<p style=\"text-align: justify;\"><strong><br \/>\n<a href=\"\/wp-content\/uploads\/2015\/03\/Josip_Zubek_1920-1922.jpg\"><img loading=\"lazy\" decoding=\"async\" class=\"alignleft size-full wp-image-430\" src=\"\/wp-content\/uploads\/2015\/03\/Josip_Zubek_1920-1922.jpg\" alt=\"Josip_Zubek_1920-1922\" width=\"158\" height=\"220\" \/><\/a> JOSIP ZUBEK<\/strong><\/p>\n<p style=\"text-align: justify;\">1920-1922<\/p>\n<p><code><br \/>\n<\/code><br \/>\n<code><br \/>\n<\/code><br \/>\n<code><br \/>\n<\/code><br \/>\n<code><br \/>\n<\/code><br \/>\n<code><br \/>\n<\/code><\/p>\n<p style=\"text-align: left;\"><a href=\"\/wp-content\/uploads\/2015\/03\/Josip_Robic_Kolar_1922-1925.jpg\"><img loading=\"lazy\" decoding=\"async\" class=\"alignleft size-full wp-image-431\" src=\"\/wp-content\/uploads\/2015\/03\/Josip_Robic_Kolar_1922-1925.jpg\" alt=\"Josip_Robic_Kolar_1922-1925\" width=\"159\" height=\"219\" \/><\/a><\/p>\n<p style=\"text-align: justify;\"><strong>JOSIP ROBI\u0106 KOLAR<\/strong><\/p>\n<p style=\"text-align: justify;\">1922-1925<\/p>\n<p><code><br \/>\n<\/code><br \/>\n<code><br \/>\n<\/code><br \/>\n<code><br \/>\n<\/code><br \/>\n<code><br \/>\n<\/code><br \/>\n<code><br \/>\n<\/code><br \/>\n<strong style=\"text-align: justify; line-height: 1.5;\"><a href=\"\/wp-content\/uploads\/2015\/03\/Stjepan_Kovacevic_1925-1926.jpg\"><img loading=\"lazy\" decoding=\"async\" class=\"alignleft size-full wp-image-432\" src=\"\/wp-content\/uploads\/2015\/03\/Stjepan_Kovacevic_1925-1926.jpg\" alt=\"Stjepan_Kovacevic_1925-1926\" width=\"159\" height=\"220\" \/><\/a>STJEPAN KOVA\u010cEVI\u0106<\/strong><\/p>\n<p style=\"text-align: justify;\">1925-1926<\/p>\n<p><code><br \/>\n<\/code><br \/>\n<code><br \/>\n<\/code><br \/>\n<code><br \/>\n<\/code><br \/>\n<code><br \/>\n<\/code><br \/>\n<code><br \/>\n<\/code><br \/>\n<strong style=\"text-align: justify; line-height: 1.5;\"><a href=\"\/wp-content\/uploads\/2015\/03\/Ivan_Katulic_1939_1941.jpg\"><img loading=\"lazy\" decoding=\"async\" class=\"alignleft size-full wp-image-433\" src=\"\/wp-content\/uploads\/2015\/03\/Ivan_Katulic_1939_1941.jpg\" alt=\"Ivan_Katulic_1939_1941\" width=\"160\" height=\"219\" \/><\/a>IVAN KATULI\u0106<\/strong><\/p>\n<p style=\"text-align: justify;\">1939-1941<\/p>\n<p><code><br \/>\n<\/code><br \/>\n<code><br \/>\n<\/code><br \/>\n<code><br \/>\n<\/code><br \/>\n<code><br \/>\n<\/code><br \/>\n<code><br \/>\n<\/code><br \/>\n<strong style=\"text-align: justify; line-height: 1.5;\"><a href=\"\/wp-content\/uploads\/2015\/03\/Mato_Detelic-Banski_1950-1952.jpg\"><img loading=\"lazy\" decoding=\"async\" class=\"alignleft size-full wp-image-434\" src=\"\/wp-content\/uploads\/2015\/03\/Mato_Detelic-Banski_1950-1952.jpg\" alt=\"Mato_Detelic-Banski_1950-1952\" width=\"159\" height=\"219\" \/><\/a>MATO DETELI\u0106-BANSKI<\/strong><\/p>\n<p style=\"text-align: justify;\">1950-1952<\/p>\n<p><code><br \/>\n<\/code><br \/>\n<code><br \/>\n<\/code><br \/>\n<code><br \/>\n<\/code><br \/>\n<code><br \/>\n<\/code><br \/>\n<code><br \/>\n<\/code><br \/>\n<strong style=\"text-align: justify; line-height: 1.5;\"><a href=\"\/wp-content\/uploads\/2015\/03\/Mijo_Rozic_1952-1954.jpg\"><img loading=\"lazy\" decoding=\"async\" class=\"alignleft size-full wp-image-435\" src=\"\/wp-content\/uploads\/2015\/03\/Mijo_Rozic_1952-1954.jpg\" alt=\"Mijo_Rozic_1952-1954\" width=\"160\" height=\"219\" \/><\/a>MIJO RO\u017dI\u0106<\/strong><\/p>\n<p style=\"text-align: justify;\">1952-1954<\/p>\n<p><code><br \/>\n<\/code><br \/>\n<code><br \/>\n<\/code><br \/>\n<code><br \/>\n<\/code><br \/>\n<code><br \/>\n<\/code><br \/>\n<code><br \/>\n<\/code><br \/>\n<strong style=\"text-align: justify; line-height: 1.5;\"><a href=\"\/wp-content\/uploads\/2015\/03\/Matija_Crnko_1955-1957_1966-1967.jpg\"><img loading=\"lazy\" decoding=\"async\" class=\"alignleft size-full wp-image-436\" src=\"\/wp-content\/uploads\/2015\/03\/Matija_Crnko_1955-1957_1966-1967.jpg\" alt=\"Matija_Crnko_1955-1957_1966-1967\" width=\"160\" height=\"220\" \/><\/a>MATIJA \u010cRNKO<\/strong><\/p>\n<p style=\"text-align: justify;\">1955-1957 i\u00a01966-1967<\/p>\n<p><code><br \/>\n<\/code><br \/>\n<code><br \/>\n<\/code><br \/>\n<code><br \/>\n<\/code><br \/>\n<code><br \/>\n<\/code><br \/>\n<code><br \/>\n<\/code><br \/>\n<strong style=\"text-align: justify; line-height: 1.5;\"><a href=\"\/wp-content\/uploads\/2015\/03\/Mato_Crnko-1957-1958.jpg\"><img loading=\"lazy\" decoding=\"async\" class=\"alignleft size-full wp-image-437\" src=\"\/wp-content\/uploads\/2015\/03\/Mato_Crnko-1957-1958.jpg\" alt=\"Mato_Crnko-1957-1958\" width=\"158\" height=\"219\" \/><\/a>MATO \u010cRNKO<\/strong><\/p>\n<p style=\"text-align: justify;\">1957-1958<\/p>\n<p><code><br \/>\n<\/code><br \/>\n<code><br \/>\n<\/code><br \/>\n<code><br \/>\n<\/code><br \/>\n<code><br \/>\n<\/code><br \/>\n<code><br \/>\n<\/code><br \/>\n<a href=\"\/wp-content\/uploads\/2015\/03\/Ratimir_Jurekovic_1958-1959.jpg\"><img loading=\"lazy\" decoding=\"async\" class=\"alignleft size-full wp-image-438\" src=\"\/wp-content\/uploads\/2015\/03\/Ratimir_Jurekovic_1958-1959.jpg\" alt=\"Ratimir_Jurekovic_1958-1959\" width=\"159\" height=\"220\" \/><\/a><strong>RATIMIR JUREKOVI\u0106<\/strong><\/p>\n<p style=\"text-align: justify;\">1958-1959<\/p>\n<p><code><br \/>\n<\/code><br \/>\n<code><br \/>\n<\/code><br \/>\n<code><br \/>\n<\/code><br \/>\n<code><br \/>\n<\/code><br \/>\n<code><br \/>\n<\/code><br \/>\n<a href=\"\/wp-content\/uploads\/2015\/03\/Ivan_Kos_1959-1961.jpg\"><img loading=\"lazy\" decoding=\"async\" class=\"alignleft size-full wp-image-439\" src=\"\/wp-content\/uploads\/2015\/03\/Ivan_Kos_1959-1961.jpg\" alt=\"Ivan_Kos_1959-1961\" width=\"158\" height=\"219\" \/><\/a><strong>IVAN KOS<\/strong><\/p>\n<p style=\"text-align: justify;\">1959-1961<\/p>\n<p><code><br \/>\n<\/code><br \/>\n<code><br \/>\n<\/code><br \/>\n<code><br \/>\n<\/code><br \/>\n<code><br \/>\n<\/code><br \/>\n<code><br \/>\n<\/code><br \/>\n<a href=\"\/wp-content\/uploads\/2015\/03\/Zvonimir_Vnucec_1961-1962_1987-1992.jpg\"><img loading=\"lazy\" decoding=\"async\" class=\"alignleft size-full wp-image-440\" src=\"\/wp-content\/uploads\/2015\/03\/Zvonimir_Vnucec_1961-1962_1987-1992.jpg\" alt=\"Zvonimir_Vnucec_1961-1962_1987-1992\" width=\"159\" height=\"220\" \/><\/a><strong>ZVONIMIR VNU\u010cEC<\/strong><\/p>\n<p style=\"text-align: justify;\">1961-1962 i 1987-1992<\/p>\n<p><code><br \/>\n<\/code><br \/>\n<code><br \/>\n<\/code><br \/>\n<code><br \/>\n<\/code><br \/>\n<code><br \/>\n<\/code><br \/>\n<code><br \/>\n<\/code><br \/>\n<a href=\"\/wp-content\/uploads\/2015\/03\/Josip_Kovacevic_1962-1964.jpg\"><img loading=\"lazy\" decoding=\"async\" class=\"alignleft size-full wp-image-441\" src=\"\/wp-content\/uploads\/2015\/03\/Josip_Kovacevic_1962-1964.jpg\" alt=\"Josip_Kovacevic_1962-1964\" width=\"160\" height=\"220\" \/><\/a><strong>JOSIP KOVA\u010cEVIC<\/strong><\/p>\n<p style=\"text-align: justify;\">1962-1964<\/p>\n<p><code><br \/>\n<\/code><br \/>\n<code><br \/>\n<\/code><br \/>\n<code><br \/>\n<\/code><br \/>\n<code><br \/>\n<\/code><br \/>\n<code><br \/>\n<\/code><br \/>\n<a href=\"\/wp-content\/uploads\/2015\/03\/Stjepan_Crnko_1964-1966.jpg\"><img loading=\"lazy\" decoding=\"async\" class=\"alignleft size-full wp-image-442\" src=\"\/wp-content\/uploads\/2015\/03\/Stjepan_Crnko_1964-1966.jpg\" alt=\"Stjepan_Crnko_1964-1966\" width=\"160\" height=\"219\" \/><\/a><strong>STJEPAN \u010cRNKO<\/strong><\/p>\n<p style=\"text-align: justify;\">1964-1966<\/p>\n<p><code><br \/>\n<\/code><br \/>\n<code><br \/>\n<\/code><br \/>\n<code><br \/>\n<\/code><br \/>\n<code><br \/>\n<\/code><br \/>\n<code><br \/>\n<\/code><br \/>\n<a href=\"\/wp-content\/uploads\/2015\/03\/Stjepan_Robic_1967-1987.jpg\"><img loading=\"lazy\" decoding=\"async\" class=\"alignleft size-full wp-image-442\" src=\"\/wp-content\/uploads\/2015\/03\/Stjepan_Robic_1967-1987.jpg\" alt=\"Stjepan_Robic_1967-1987\" width=\"160\" height=\"219\" \/><\/a><strong>STJEPAN ROBI\u0106<\/strong><\/p>\n<p style=\"text-align: justify;\">1967-1987<\/p>\n<p><code><br \/>\n<\/code><br \/>\n<code><br \/>\n<\/code><br \/>\n<code><br \/>\n<\/code><br \/>\n<code><br \/>\n<\/code><br \/>\n<code><br \/>\n<\/code><br \/>\n<a href=\"\/wp-content\/uploads\/2015\/03\/Branko_Crnko_1992-2003.jpg\"><img loading=\"lazy\" decoding=\"async\" class=\"alignleft size-full wp-image-442\" src=\"\/wp-content\/uploads\/2015\/03\/Branko_Crnko_1992-2003.jpg\" alt=\"Branko_Crnko_1992-2003\" width=\"160\" height=\"219\" \/><\/a><strong>BRANKO \u010cRNKO<\/strong><\/p>\n<p style=\"text-align: justify;\">1992-2003<\/p>\n<p><code><br \/>\n<\/code><br \/>\n<code><br \/>\n<\/code><br \/>\n<code><br \/>\n<\/code><br \/>\n<code><br \/>\n<\/code><br \/>\n<code><br \/>\n<\/code><br \/>\n<a href=\"\/wp-content\/uploads\/2015\/03\/Nenad_Rozic_2003.jpg\"><img loading=\"lazy\" decoding=\"async\" class=\"alignleft size-full wp-image-442\" src=\"\/wp-content\/uploads\/2015\/03\/Nenad_Rozic_2003.jpg\" alt=\"Nenad_Rozic_2003\" width=\"160\" height=\"219\" \/><\/a><strong>NENAD ROZIC<\/strong><\/p>\n<p style=\"text-align: justify;\">2003-<\/p>\n<p><code><br \/>\n<\/code><br \/>\n<code><br \/>\n<\/code><br \/>\n<code><br \/>\n<\/code><br \/>\n<code><br \/>\n<\/code><br \/>\n<code><br \/>\n<\/code><\/p>","protected":false},"excerpt":{"rendered":"<p>JOSIP ZUBEK 1920-1922 JOSIP ROBI\u0106 KOLAR 1922-1925 STJEPAN KOVA\u010cEVI\u0106 1925-1926 IVAN KATULI\u0106 1939-1941 MATO DETELI\u0106-BANSKI 1950-1952 MIJO RO\u017dI\u0106 1952-1954 MATIJA \u010cRNKO 1955-1957 i\u00a01966-1967 MATO \u010cRNKO 1957-1958 RATIMIR JUREKOVI\u0106 1958-1959 IVAN KOS 1959-1961 ZVONIMIR VNU\u010cEC 1961-1962 i 1987-1992 JOSIP KOVA\u010cEVIC 1962-1964 STJEPAN \u010cRNKO 1964-1966 STJEPAN ROBI\u0106 1967-1987 BRANKO \u010cRNKO 1992-2003 NENAD ROZIC 2003-<\/p>\n","protected":false},"author":2,"featured_media":0,"parent":0,"menu_order":0,"comment_status":"open","ping_status":"open","template":"","meta":{"_acf_changed":false,"_monsterinsights_skip_tracking":false,"_monsterinsights_sitenote_active":false,"_monsterinsights_sitenote_note":"","_monsterinsights_sitenote_category":0,"footnotes":""},"class_list":["post-492","page","type-page","status-publish","hentry"],"acf":[],"_links":{"self":[{"href":"https:\/\/oss-busevec.hr\/en\/wp-json\/wp\/v2\/pages\/492","targetHints":{"allow":["GET"]}}],"collection":[{"href":"https:\/\/oss-busevec.hr\/en\/wp-json\/wp\/v2\/pages"}],"about":[{"href":"https:\/\/oss-busevec.hr\/en\/wp-json\/wp\/v2\/types\/page"}],"author":[{"embeddable":true,"href":"https:\/\/oss-busevec.hr\/en\/wp-json\/wp\/v2\/users\/2"}],"replies":[{"embeddable":true,"href":"https:\/\/oss-busevec.hr\/en\/wp-json\/wp\/v2\/comments?post=492"}],"version-history":[{"count":12,"href":"https:\/\/oss-busevec.hr\/en\/wp-json\/wp\/v2\/pages\/492\/revisions"}],"predecessor-version":[{"id":25884,"href":"https:\/\/oss-busevec.hr\/en\/wp-json\/wp\/v2\/pages\/492\/revisions\/25884"}],"wp:attachment":[{"href":"https:\/\/oss-busevec.hr\/en\/wp-json\/wp\/v2\/media?parent=492"}],"curies":[{"name":"wp","href":"https:\/\/api.w.org\/{rel}","templated":true}]}}