{"id":497,"date":"2015-03-14T09:40:09","date_gmt":"2015-03-14T09:40:09","guid":{"rendered":"http:\/\/busevec.demode.ca\/?page_id=497"},"modified":"2023-10-12T12:19:10","modified_gmt":"2023-10-12T10:19:10","slug":"pocasni-clanovi","status":"publish","type":"page","link":"https:\/\/oss-busevec.hr\/en\/pocasni-clanovi\/","title":{"rendered":"HONORARY MEMBERS"},"content":{"rendered":"<p><strong>BEDEK DUBRAVKO<\/strong> &#8211; Stara cesta 65, Vukovina, 10419 Vukovina<\/p>\n<p><strong>BOBESI\u0106 ZLATKO<\/strong> &#8211; Dolenec 20, 10417 Bu\u0161evec<\/p>\n<p><strong>\u010cRNKO BRANKO<\/strong> &#8211; Vinogradska 12, 10417 Bu\u0161evec<\/p>\n<p><strong>DETELI\u0106 FRANJO<\/strong> &#8211; Zagreba\u010dka 30, 10417 Bu\u0161evec<\/p>\n<p><strong>DETELI\u0106 MARJAN<\/strong> &#8211; Sisa\u010dka 62, 10417 Bu\u0161evec<\/p>\n<p><strong>DETELI\u0106 STJEPAN<\/strong> &#8211; Dolenec 35, 10417 Bu\u0161evec<\/p>\n<p><strong>KATULI\u0106 DUBRAVKO<\/strong> &#8211; Seljine brigade 54E, Velika Buna, 10413 Kravarsko<\/p>\n<p><strong>KATULI\u0106 DRAGUTIN<\/strong> &#8211; Sisa\u010dka 43, 10417 Bu\u0161evec<\/p>\n<p><strong>KATULI\u0106 MARINKO<\/strong> &#8211; Novo Selo bb, 10417 Bu\u0161evec<\/p>\n<p><strong>KOS IVAN<\/strong> &#8211; Bra\u0107e Radi\u0107a 62, Ku\u010de, 10419 Vukovina<\/p>\n<p><strong>KOVA\u010cEVI\u0106 JOSIP<\/strong> &#8211; Sisa\u010dka 29, 10417 Bu\u0161evec<\/p>\n<p><strong>KOVA\u010cEVI\u0106 MIROSLAV<\/strong> &#8211; Turopoljska 16, 10417 Bu\u0161evec<\/p>\n<p><strong>LU\u010cI\u0106 SNJE\u017dANA<\/strong> &#8211; Zagreba\u010dka 68, 10417 Bu\u0161evec<\/p>\n<p><strong>LU\u010cI\u0106 \u017dELJKO<\/strong> &#8211; Zagreba\u010dka 68, 10417 Bu\u0161evec<\/p>\n<p><strong>MAJCENI\u0106 LIDIJA<\/strong> &#8211; Mali Gaj 9, 10417 Bu\u0161evec<\/p>\n<p><strong>ME\u0160TROVI\u0106 BRANKA<\/strong> &#8211; Gradi\u0107i, Primorska 3, 10410 V.Gorica<\/p>\n<p><strong>ROBI\u0106 MARIJA<\/strong> &#8211; Dolenec 23, 10417 Bu\u0161evec<\/p>\n<p><strong>ROBI\u0106 STJEPAN<\/strong> &#8211; Stara ulica 22, 10417 Bu\u0161evec<\/p>\n<p><strong>ROBI\u0106 STJEPAN<\/strong> &#8211; Dolenec 52, 10417 Bu\u0161evec<\/p>\n<p><strong>RO\u017dI\u0106 IVAN<\/strong> &#8211; Zagreba\u010dka 3, 10417 Bu\u0161evec<\/p>\n<p><strong>RO\u017dI\u0106 IVAN<\/strong> &#8211; Zagreba\u010dka 22, 10417 Bu\u0161evec<\/p>\n<p><strong>RO\u017dI\u0106 NENAD<\/strong> &#8211; Zagreba\u010dka 17, 10417 Bu\u0161evec<\/p>\n<p><strong>TO\u0160I\u0106 MILENKO<\/strong> &#8211; Zagreba\u010dka 31\/5, 10417 Bu\u0161evec<\/p>\n<p><strong>VNU\u010cEC NADA<\/strong> &#8211; Osi\u0161\u0107e 5, 10417 Bu\u0161evec<\/p>\n<p><strong>VNU\u010cEC ZLATKO<\/strong> &#8211; Osi\u0161\u0107e 5, 10417 Bu\u0161evec<\/p>\n<p><strong>VNU\u010cEC ZVONKO<\/strong> &#8211; Trg selja\u010dke sloge 5, 10417 Bu\u0161evec<\/p>\n<p><\/span><\/p>","protected":false},"excerpt":{"rendered":"<p>BEDEK DUBRAVKO &#8211; Stara cesta 65, Vukovina, 10419 Vukovina BOBESI\u0106 ZLATKO &#8211; Dolenec 20, 10417 Bu\u0161evec \u010cRNKO BRANKO &#8211; Vinogradska 12, 10417 Bu\u0161evec DETELI\u0106 FRANJO &#8211; Zagreba\u010dka 30, 10417 Bu\u0161evec DETELI\u0106 MARJAN &#8211; Sisa\u010dka 62, 10417 Bu\u0161evec DETELI\u0106 STJEPAN &#8211; Dolenec 35, 10417 Bu\u0161evec KATULI\u0106 DUBRAVKO &#8211; Seljine brigade 54E, Velika Buna, 10413 Kravarsko KATULI\u0106<\/p>\n","protected":false},"author":2,"featured_media":0,"parent":0,"menu_order":0,"comment_status":"open","ping_status":"open","template":"","meta":{"_acf_changed":false,"_monsterinsights_skip_tracking":false,"_monsterinsights_sitenote_active":false,"_monsterinsights_sitenote_note":"","_monsterinsights_sitenote_category":0,"footnotes":""},"class_list":["post-497","page","type-page","status-publish","hentry"],"acf":[],"_links":{"self":[{"href":"https:\/\/oss-busevec.hr\/en\/wp-json\/wp\/v2\/pages\/497","targetHints":{"allow":["GET"]}}],"collection":[{"href":"https:\/\/oss-busevec.hr\/en\/wp-json\/wp\/v2\/pages"}],"about":[{"href":"https:\/\/oss-busevec.hr\/en\/wp-json\/wp\/v2\/types\/page"}],"author":[{"embeddable":true,"href":"https:\/\/oss-busevec.hr\/en\/wp-json\/wp\/v2\/users\/2"}],"replies":[{"embeddable":true,"href":"https:\/\/oss-busevec.hr\/en\/wp-json\/wp\/v2\/comments?post=497"}],"version-history":[{"count":20,"href":"https:\/\/oss-busevec.hr\/en\/wp-json\/wp\/v2\/pages\/497\/revisions"}],"predecessor-version":[{"id":27936,"href":"https:\/\/oss-busevec.hr\/en\/wp-json\/wp\/v2\/pages\/497\/revisions\/27936"}],"wp:attachment":[{"href":"https:\/\/oss-busevec.hr\/en\/wp-json\/wp\/v2\/media?parent=497"}],"curies":[{"name":"wp","href":"https:\/\/api.w.org\/{rel}","templated":true}]}}